{"id":58,"date":"2017-12-04T18:25:37","date_gmt":"2017-12-04T17:25:37","guid":{"rendered":"http:\/\/bergischerbiker.de\/wordpress\/?page_id=58"},"modified":"2017-12-05T13:37:19","modified_gmt":"2017-12-05T12:37:19","slug":"italien-2008","status":"publish","type":"page","link":"https:\/\/bergischerbiker.de\/wordpress\/bildergalerie\/italien-2008\/","title":{"rendered":"Italien 2008"},"content":{"rendered":"<h1 id=\"a2\" class=\"heading1\">Fotoalbum Italien 2008<\/h1>\n<p>Hier gibts die Bilder vom Motorrad Urlaub in&nbsp;<a class=\"link\" title=\"Externe Adresse &quot;http:\/\/de.wikipedia.org\/wiki\/Italien&quot; aufrufen\" href=\"http:\/\/de.wikipedia.org\/wiki\/Italien\" target=\"_blank\" rel=\"noopener\">Italien<\/a>&nbsp;2008.<br \/>\nDas Hotel lag im&nbsp;<a class=\"link\" title=\"Externe Adresse &quot;http:\/\/de.wikipedia.org\/wiki\/Schnalstal&quot; aufrufen\" href=\"http:\/\/de.wikipedia.org\/wiki\/Schnalstal\" target=\"_blank\" rel=\"noopener\">Schnalstal<\/a>&nbsp;(n\u00f6rdliches Italien, wo sie den \u00d6tzi gefunden haben&#8230;).<\/p>\n<p>Dieser Urlaub war f\u00fcr mich gleichzeitig der erste Motorradurlaub, welcher in Italien stattfand.<\/p>\n<p>Geplant wurde im Winter 2007 bei Georg in der K\u00fcche.<\/p>\n<p>Relativ schnell konnten wir einen weiteren Mitstreiter (Christian) finden (zu dritt machts einfach mehr Spa\u00df \ud83d\ude09 ).<\/p>\n<p>Problematisch gestaltete sich die Wahl der Anreise, denn keiner von und hatte zu dem Zeitpunkt ein Auto mit Anh\u00e4ngerkupplung.<\/p>\n<p>Christian war allerdings ein erfahrener Autoreisezug Benutzer (sowohl mit Auto als auch mit Motorrad) und so stand dann nach kurzer Recherche (Fahrplan, Fahrzeiten, Bahnh\u00f6fe, Kosten, etz.) auch schon fest wie es hin und wieder zur\u00fcck ging.<\/p>\n<p>R\u00fcckblicken betrachtet war die Entscheidung mit dem Autozug nicht verkehrt.<\/p>\n<p>Im folgenden hatte ich noch bei zwei weiteren Urlauben das Vergn\u00fcgen mit dem Teil, bis die Bahn den Service ende 2015 quasi zu den Akten gelegt hatte.<\/p>\n<p>Zum Urlaub selber gibt es nur das \u00fcbliche zu sagen&#8230;<\/p>\n<p>Wir hatten Regen (Anfahrt nach D\u00fcsseldorf zum Bahnhof), wir hatten Sonne (zumindest an 3 Tagen im Urlaub), wir hatten Nebel (h\u00e4tte man sich denken k\u00f6nnen wenn das Hotel auf 1600m H\u00f6he direkt am Berg liegt) und wir hatten vor allem eines: Ganz viel Spa\u00df !<\/p>\n<p>&nbsp;<\/p>\nngg_shortcode_0_placeholder\n","protected":false},"excerpt":{"rendered":"<p>Fotoalbum Italien 2008 Hier gibts die Bilder vom Motorrad Urlaub in&nbsp;Italien&nbsp;2008. Das Hotel lag im&nbsp;Schnalstal&nbsp;(n\u00f6rdliches Italien, wo sie den \u00d6tzi gefunden haben&#8230;). Dieser Urlaub war f\u00fcr mich gleichzeitig der erste <a class=\"more-link\" href=\"https:\/\/bergischerbiker.de\/wordpress\/bildergalerie\/italien-2008\/\">Weiterlesen\u00a0\u2026<\/a><\/p>\n","protected":false},"author":1,"featured_media":0,"parent":56,"menu_order":0,"comment_status":"open","ping_status":"closed","template":"","meta":{"ngg_post_thumbnail":0,"footnotes":""},"class_list":["post-58","page","type-page","status-publish","hentry"],"_links":{"self":[{"href":"https:\/\/bergischerbiker.de\/wordpress\/wp-json\/wp\/v2\/pages\/58","targetHints":{"allow":["GET"]}}],"collection":[{"href":"https:\/\/bergischerbiker.de\/wordpress\/wp-json\/wp\/v2\/pages"}],"about":[{"href":"https:\/\/bergischerbiker.de\/wordpress\/wp-json\/wp\/v2\/types\/page"}],"author":[{"embeddable":true,"href":"https:\/\/bergischerbiker.de\/wordpress\/wp-json\/wp\/v2\/users\/1"}],"replies":[{"embeddable":true,"href":"https:\/\/bergischerbiker.de\/wordpress\/wp-json\/wp\/v2\/comments?post=58"}],"version-history":[{"count":3,"href":"https:\/\/bergischerbiker.de\/wordpress\/wp-json\/wp\/v2\/pages\/58\/revisions"}],"predecessor-version":[{"id":169,"href":"https:\/\/bergischerbiker.de\/wordpress\/wp-json\/wp\/v2\/pages\/58\/revisions\/169"}],"up":[{"embeddable":true,"href":"https:\/\/bergischerbiker.de\/wordpress\/wp-json\/wp\/v2\/pages\/56"}],"wp:attachment":[{"href":"https:\/\/bergischerbiker.de\/wordpress\/wp-json\/wp\/v2\/media?parent=58"}],"curies":[{"name":"wp","href":"https:\/\/api.w.org\/{rel}","templated":true}]}}