{"id":51,"date":"2017-12-04T18:03:04","date_gmt":"2017-12-04T17:03:04","guid":{"rendered":"http:\/\/bergischerbiker.de\/wordpress\/?page_id=51"},"modified":"2026-04-09T17:12:33","modified_gmt":"2026-04-09T15:12:33","slug":"selbsthilfe-gsx1400","status":"publish","type":"page","link":"https:\/\/bergischerbiker.de\/wordpress\/die-bikes\/suzuki-gsx-1400\/selbsthilfe-gsx1400\/","title":{"rendered":"Selbsthilfe GSX1400"},"content":{"rendered":"<h1 id=\"a2\" class=\"heading1\">Selbsthilfe<\/h1>\n<p>An dieser Stelle m\u00f6chte ich dir einige n\u00fctzliche Tipps an die Hand geben, um die GSX 1400 im St\u00f6rungsfall wieder flott zu bekommen bzw. um den Fehler zu finden oder einzugrenzen.<\/p>\n<p>Die GSX 1400 verf\u00fcgt wie die meisten modernen Fahrzeuge \u00fcber ein Fehler-Diagnose System. Wenn also ein Fehler durch die ECU (Control-Unit, Steuerung f\u00fcr Einspritzung etz.) erkannt wurde, wird dies dem Fahrer durch aufleuchten der roten &#8222;FI&#8220; Leuchte im Cockpit angezeigt. Zus\u00e4tzlich wechselt die &#8222;km&#8220; Anzeige mit dem Schriftzug &#8222;check&#8220; im Display auf der linken Seite.<br \/>\nIn diesem Fall ist die Weiterfahrt u.U. m\u00f6glich. Der Anstehende Fehler wird gespeichert und die Maschine l\u00e4uft im Notprogramm.<br \/>\nLeuchtet die &#8222;FI&#8220; Anzeige und im Display auf der linken Seite steht nur noch &#8222;check&#8220; bzw, &#8222;FI&#8220;, so wird der Motor vermutlich nicht mehr anspringen weil der Fehler die Einwandfreie Funktion des Motorrades nicht zul\u00e4sst.<\/p>\n<p>Wird ein solcher Fehler angezeigt, kann man ihn aus der Bordelektronik auslesen. Allerdings funktioniert dies nur so lange, wie die Z\u00fcndung eingeschaltet ist. Wird die Z\u00fcndung unterbrochen, l\u00f6scht sich auch der Fehlerspeicher der GSX.<br \/>\nUm den &#8222;noch immer vorhandenen&#8220; Fehler erneut angezeigt zu bekommen, muss man die Z\u00fcndung wieder einschalten und den Motor starten (sollte dies nicht gehen, so sollte man den Starter f\u00fcr ca. 4 Sekunden bet\u00e4tigen). Es wird nun seitens der Bordelektronik eine Fehlerdiagnose durchgef\u00fchrt.<br \/>\nAchtung ! Die Z\u00fcndung sollte nach aufleuchten der &#8222;FI&#8220; Anzeige eingeschaltet bleiben (der Motor kann \u00fcber den Kill-Switch abgestellt werden (sofern er denn lief&#8230;).<\/p>\n<p>Anbei eine PDF (kannst du dir kopieren bzw. abspeichern) mit kurzer Anleitung und Auflistung der jeweiligen Fehlercodes der GSX 1400.<\/p>\n<p>Diese Anleitung wurde von mir erstellt und ist auch im <a href=\"https:\/\/www.gsx1400forum.net\" target=\"_blank\" rel=\"noopener\">gsx1400forum.net<\/a> verf\u00fcgbar.<\/p>\n<a href=\"https:\/\/bergischerbiker.de\/wordpress\/wp-content\/uploads\/2017\/12\/fehlercodes_gsx1400.pdf\" class=\"pdfemb-viewer\" style=\"\" data-width=\"max\" data-height=\"max\" data-toolbar=\"top\" data-toolbar-fixed=\"off\">fehlercodes_gsx1400<\/a>\n<p>&nbsp;<\/p>\n<p>In allen aufgelisteten Fehlerf\u00e4llen sollte zuerst die Entsprechende Verkabelung des Sensors oder des Bauteils \u00fcberpr\u00fcft werden.<br \/>\nAuch sollten Steckkontakte gel\u00f6st und \u00fcberpr\u00fcft (Feuchtigkeit, Korrosion, etz.) werden.<br \/>\nKann oder wird der Fehler auf diese Weise (\u00dcberpr\u00fcfung Sensorik, Verkabelung) nicht gefunden bzw. eingegrenzt, sollte eine Fachwerkstatt aufgesucht werden. Gleiches gilt bei Unklarheiten \u00fcber die Vorgehensweise der Fehleranalyse bzw. der Ermittlung der Betreffenden Bauteile.<\/p>\n<p><span style=\"color: #ff0000;\"><b class=\"contentbold\">ACHTUNG !!!!<br \/>\nIch \u00fcbernehme keine Haftung f\u00fcr Sch\u00e4den die durch Beachtung oder nicht-Beachtung dieser Diagnose-Hilfe entstanden sind.<\/b><\/span><\/p>\n","protected":false},"excerpt":{"rendered":"<p>Selbsthilfe An dieser Stelle m\u00f6chte ich dir einige n\u00fctzliche Tipps an die Hand geben, um die GSX 1400 im St\u00f6rungsfall wieder flott zu bekommen bzw. um den Fehler zu finden <a class=\"more-link\" href=\"https:\/\/bergischerbiker.de\/wordpress\/die-bikes\/suzuki-gsx-1400\/selbsthilfe-gsx1400\/\">Weiterlesen\u00a0\u2026<\/a><\/p>\n","protected":false},"author":1,"featured_media":0,"parent":34,"menu_order":0,"comment_status":"closed","ping_status":"closed","template":"","meta":{"ngg_post_thumbnail":0,"footnotes":""},"class_list":["post-51","page","type-page","status-publish","hentry"],"_links":{"self":[{"href":"https:\/\/bergischerbiker.de\/wordpress\/wp-json\/wp\/v2\/pages\/51","targetHints":{"allow":["GET"]}}],"collection":[{"href":"https:\/\/bergischerbiker.de\/wordpress\/wp-json\/wp\/v2\/pages"}],"about":[{"href":"https:\/\/bergischerbiker.de\/wordpress\/wp-json\/wp\/v2\/types\/page"}],"author":[{"embeddable":true,"href":"https:\/\/bergischerbiker.de\/wordpress\/wp-json\/wp\/v2\/users\/1"}],"replies":[{"embeddable":true,"href":"https:\/\/bergischerbiker.de\/wordpress\/wp-json\/wp\/v2\/comments?post=51"}],"version-history":[{"count":5,"href":"https:\/\/bergischerbiker.de\/wordpress\/wp-json\/wp\/v2\/pages\/51\/revisions"}],"predecessor-version":[{"id":2189,"href":"https:\/\/bergischerbiker.de\/wordpress\/wp-json\/wp\/v2\/pages\/51\/revisions\/2189"}],"up":[{"embeddable":true,"href":"https:\/\/bergischerbiker.de\/wordpress\/wp-json\/wp\/v2\/pages\/34"}],"wp:attachment":[{"href":"https:\/\/bergischerbiker.de\/wordpress\/wp-json\/wp\/v2\/media?parent=51"}],"curies":[{"name":"wp","href":"https:\/\/api.w.org\/{rel}","templated":true}]}}