{"id":47,"date":"2017-12-04T17:56:32","date_gmt":"2017-12-04T16:56:32","guid":{"rendered":"http:\/\/bergischerbiker.de\/wordpress\/?page_id=47"},"modified":"2017-12-04T17:56:32","modified_gmt":"2017-12-04T16:56:32","slug":"technische-daten-gsx1400","status":"publish","type":"page","link":"https:\/\/bergischerbiker.de\/wordpress\/die-bikes\/suzuki-gsx-1400\/technische-daten-gsx1400\/","title":{"rendered":"Technische Daten GSX1400"},"content":{"rendered":"<h1 id=\"a2\" class=\"heading1\">Technische Daten<\/h1>\n<p><b class=\"contentbold\"><u class=\"contentunderlined\">Motor &amp; Getriebe<\/u><\/b><\/p>\n<table class=\"contenttable\" border=\"0\" summary=\"\" cellspacing=\"0\" cellpadding=\"0\">\n<tbody>\n<tr>\n<td class=\"contenttable2 contenttablecell1\">Motor<\/td>\n<td class=\"contenttable2 contenttablecell2\">DOHC luftgek\u00fchlt, 16 Ventile<\/td>\n<\/tr>\n<tr>\n<td class=\"contenttable1 contenttablecell1\">Zylinder<\/td>\n<td class=\"contenttable1 contenttablecell2\">4<\/td>\n<\/tr>\n<tr>\n<td class=\"contenttable2 contenttablecell1\">Bohrung<\/td>\n<td class=\"contenttable2 contenttablecell2\">81 mm<\/td>\n<\/tr>\n<tr>\n<td class=\"contenttable1 contenttablecell1\">Hub<\/td>\n<td class=\"contenttable1 contenttablecell2\">68 mm<\/td>\n<\/tr>\n<tr>\n<td class=\"contenttable2 contenttablecell1\">Hubraum<\/td>\n<td class=\"contenttable2 contenttablecell2\">1402 ccm<\/td>\n<\/tr>\n<tr>\n<td class=\"contenttable1 contenttablecell1\">Verdichtung<\/td>\n<td class=\"contenttable1 contenttablecell2\">9,5 : 1<\/td>\n<\/tr>\n<tr>\n<td class=\"contenttable2 contenttablecell1\">Kraftstoffsystem<\/td>\n<td class=\"contenttable2 contenttablecell2\">Einspritzung 34 mm SDTV<\/td>\n<\/tr>\n<tr>\n<td class=\"contenttable1 contenttablecell1\">Luftfilter<\/td>\n<td class=\"contenttable1 contenttablecell2\">Polyester<\/td>\n<\/tr>\n<tr>\n<td class=\"contenttable2 contenttablecell1\">Anlasser<\/td>\n<td class=\"contenttable2 contenttablecell2\">Elektrisch<\/td>\n<\/tr>\n<tr>\n<td class=\"contenttable1 contenttablecell1\">Systemschmierung<\/td>\n<td class=\"contenttable1 contenttablecell2\">Na\u00df-Sumpf-Schmierung<\/td>\n<\/tr>\n<tr>\n<td class=\"contenttable2 contenttablecell1\">Kupplung<\/td>\n<td class=\"contenttable2 contenttablecell2\">Mehrscheiben im \u00d6lbad<\/td>\n<\/tr>\n<tr>\n<td class=\"contenttable1 contenttablecell1\">Getriebeart<\/td>\n<td class=\"contenttable1 contenttablecell2\">6 Gang Schaltgetriebe<\/td>\n<\/tr>\n<tr>\n<td class=\"contenttable2 contenttablecell1\">Gangschema<\/td>\n<td class=\"contenttable2 contenttablecell2\">1 runter, 5 rauf<\/td>\n<\/tr>\n<tr>\n<td class=\"contenttable1 contenttablecell1\">Prim\u00e4r\u00fcbersetzung<\/td>\n<td class=\"contenttable1 contenttablecell2\">1,509 (83 \/ 55)<\/td>\n<\/tr>\n<tr>\n<td class=\"contenttable2 contenttablecell1\">1. Gang<\/td>\n<td class=\"contenttable2 contenttablecell2\">2,916 (35 \/ 12)<\/td>\n<\/tr>\n<tr>\n<td class=\"contenttable1 contenttablecell1\">2. Gang<\/td>\n<td class=\"contenttable1 contenttablecell2\">1,937 (31 \/ 16)<\/td>\n<\/tr>\n<tr>\n<td class=\"contenttable2 contenttablecell1\">3. Gang<\/td>\n<td class=\"contenttable2 contenttablecell2\">1,526 (29 \/ 19)<\/td>\n<\/tr>\n<tr>\n<td class=\"contenttable1 contenttablecell1\">4. Gang<\/td>\n<td class=\"contenttable1 contenttablecell2\">1,285 (27 \/ 21)<\/td>\n<\/tr>\n<tr>\n<td class=\"contenttable2 contenttablecell1\">5. Gang<\/td>\n<td class=\"contenttable2 contenttablecell2\">1,136 (25 \/ 22)<\/td>\n<\/tr>\n<tr>\n<td class=\"contenttable1 contenttablecell1\">6. Gang<\/td>\n<td class=\"contenttable1 contenttablecell2\">1,000 (24 \/ 24)<\/td>\n<\/tr>\n<tr>\n<td class=\"contenttable2 contenttablecell1\">End\u00fcbersetzung<\/td>\n<td class=\"contenttable2 contenttablecell2\">2,277 (41 \/ 18)<\/td>\n<\/tr>\n<tr>\n<td class=\"contenttable1 contenttablecell1\">Sekund\u00e4rantrieb<\/td>\n<td class=\"contenttable1 contenttablecell2\">Kette (RK GB50GSVZ3) 116 Glieder<\/td>\n<\/tr>\n<\/tbody>\n<\/table>\n<p><b class=\"contentbold\"><u class=\"contentunderlined\">Abmessungen &amp; Fahrwerk<\/u><\/b><\/p>\n<table class=\"contenttable\" border=\"0\" summary=\"\" cellspacing=\"0\" cellpadding=\"0\">\n<tbody>\n<tr>\n<td class=\"contenttable2 contenttablecell1\">Gesammtl\u00e4nge<\/td>\n<td class=\"contenttable2 contenttablecell2\">2.160 mm<\/td>\n<\/tr>\n<tr>\n<td class=\"contenttable1 contenttablecell1\">Gesammtbreite<\/td>\n<td class=\"contenttable1 contenttablecell2\">810 mm<\/td>\n<\/tr>\n<tr>\n<td class=\"contenttable2 contenttablecell1\">Gesammth\u00f6he<\/td>\n<td class=\"contenttable2 contenttablecell2\">1.140 mm<\/td>\n<\/tr>\n<tr>\n<td class=\"contenttable1 contenttablecell1\">Radstand<\/td>\n<td class=\"contenttable1 contenttablecell2\">1.520 mm<\/td>\n<\/tr>\n<tr>\n<td class=\"contenttable2 contenttablecell1\">Bodenfreiheit<\/td>\n<td class=\"contenttable2 contenttablecell2\">130 mm<\/td>\n<\/tr>\n<tr>\n<td class=\"contenttable1 contenttablecell1\">Sitzh\u00f6he<\/td>\n<td class=\"contenttable1 contenttablecell2\">790 mm<\/td>\n<\/tr>\n<tr>\n<td class=\"contenttable2 contenttablecell1\">Leergewicht<\/td>\n<td class=\"contenttable2 contenttablecell2\">228 kg<\/td>\n<\/tr>\n<tr>\n<td class=\"contenttable1 contenttablecell1\">Vorderradaufh\u00e4ngung<\/td>\n<td class=\"contenttable1 contenttablecell2\">Teleskopgabel \u00f6lged\u00e4mpft 46 mm<\/td>\n<\/tr>\n<tr>\n<td class=\"contenttable2 contenttablecell1\">Hinterradaufh\u00e4ngung<\/td>\n<td class=\"contenttable2 contenttablecell2\">Schwinge<\/td>\n<\/tr>\n<tr>\n<td class=\"contenttable1 contenttablecell1\">Vorlauf<\/td>\n<td class=\"contenttable1 contenttablecell2\">26\u00b0<\/td>\n<\/tr>\n<tr>\n<td class=\"contenttable2 contenttablecell1\">Nachlauf<\/td>\n<td class=\"contenttable2 contenttablecell2\">105 mm<\/td>\n<\/tr>\n<tr>\n<td class=\"contenttable1 contenttablecell1\">Lenkungswinkel<\/td>\n<td class=\"contenttable1 contenttablecell2\">37\u00b0<\/td>\n<\/tr>\n<tr>\n<td class=\"contenttable2 contenttablecell1\">Wenderadius<\/td>\n<td class=\"contenttable2 contenttablecell2\">2,8 m<\/td>\n<\/tr>\n<tr>\n<td class=\"contenttable1 contenttablecell1\">Vorderradbremse<\/td>\n<td class=\"contenttable1 contenttablecell2\">Scheibenbremse, doppelt 320 mm<\/td>\n<\/tr>\n<tr>\n<td class=\"contenttable2 contenttablecell1\">Hinterradbremse<\/td>\n<td class=\"contenttable2 contenttablecell2\">Scheibenbremse, einfach 220 mm<\/td>\n<\/tr>\n<tr>\n<td class=\"contenttable1 contenttablecell1\">Bremssystem vorne<\/td>\n<td class=\"contenttable1 contenttablecell2\">2 x 6 Kolbens\u00e4ttel, schwimmend<\/td>\n<\/tr>\n<tr>\n<td class=\"contenttable2 contenttablecell1\">Bremssystem hinten<\/td>\n<td class=\"contenttable2 contenttablecell2\">1 x 2 Kolbensattel, schwimmend<\/td>\n<\/tr>\n<tr>\n<td class=\"contenttable1 contenttablecell1\">Felge vorne<\/td>\n<td class=\"contenttable1 contenttablecell2\">3,50 x 17<\/td>\n<\/tr>\n<tr>\n<td class=\"contenttable2 contenttablecell1\">Felge hinten<\/td>\n<td class=\"contenttable2 contenttablecell2\">6 x 17<\/td>\n<\/tr>\n<tr>\n<td class=\"contenttable1 contenttablecell1\">Reifengr\u00f6\u00dfe vorne<\/td>\n<td class=\"contenttable1 contenttablecell2\">120 \/ 70 ZR 17<\/td>\n<\/tr>\n<tr>\n<td class=\"contenttable2 contenttablecell1\">Reifengr\u00f6\u00dfe hinten<\/td>\n<td class=\"contenttable2 contenttablecell2\">190 \/ 50 ZR 17<\/td>\n<\/tr>\n<tr>\n<td class=\"contenttable1 contenttablecell1\">Rahmen<\/td>\n<td class=\"contenttable1 contenttablecell2\">Doppelschleifenrahmen aus Stahlrohr<\/td>\n<\/tr>\n<\/tbody>\n<\/table>\n<p><b class=\"contentbold\"><u class=\"contentunderlined\">Elektrik, Fl\u00fcssigkeiten &amp; Farben<\/u><\/b><\/p>\n<table class=\"contenttable\" border=\"0\" summary=\"\" cellspacing=\"0\" cellpadding=\"0\">\n<tbody>\n<tr>\n<td class=\"contenttable2 contenttablecell1\">Z\u00fcndung<\/td>\n<td class=\"contenttable2 contenttablecell2\">Elektronische Transistor Z\u00fcndung<\/td>\n<\/tr>\n<tr>\n<td class=\"contenttable1 contenttablecell1\">Z\u00fcndkerze<\/td>\n<td class=\"contenttable1 contenttablecell2\">NGK CR8EK oder DENSO U24ETR<\/td>\n<\/tr>\n<tr>\n<td class=\"contenttable2 contenttablecell1\">Batterie<\/td>\n<td class=\"contenttable2 contenttablecell2\">12 Volt (12 Ah) 10 Ampere<\/td>\n<\/tr>\n<tr>\n<td class=\"contenttable1 contenttablecell1\">Generator<\/td>\n<td class=\"contenttable1 contenttablecell2\">Drehstromgenerator 300 Watt<\/td>\n<\/tr>\n<tr>\n<td class=\"contenttable2 contenttablecell1\">Sicherungen<\/td>\n<td class=\"contenttable2 contenttablecell2\">30 \/ 10 \/ 10 \/ 15 \/ 15 \/ 10 \/ 10 Ampere<\/td>\n<\/tr>\n<tr>\n<td class=\"contenttable1 contenttablecell1\">Scheinwerfer<\/td>\n<td class=\"contenttable1 contenttablecell2\">12 Volt 60 \/ 55 Watt (H4)<\/td>\n<\/tr>\n<tr>\n<td class=\"contenttable2 contenttablecell1\">Begrenzungsleuchte<\/td>\n<td class=\"contenttable2 contenttablecell2\">12 Volt 5 Watt<\/td>\n<\/tr>\n<tr>\n<td class=\"contenttable1 contenttablecell1\">Blinkleuchten<\/td>\n<td class=\"contenttable1 contenttablecell2\">12 Volt 21 Watt<\/td>\n<\/tr>\n<tr>\n<td class=\"contenttable2 contenttablecell1\">Brems-, R\u00fcckleuchte<\/td>\n<td class=\"contenttable2 contenttablecell2\">12 Volt 21 Watt (2 x)<\/td>\n<\/tr>\n<tr>\n<td class=\"contenttable1 contenttablecell1\">Tachobeleuchtung<\/td>\n<td class=\"contenttable1 contenttablecell2\">LED (orange)<\/td>\n<\/tr>\n<tr>\n<td class=\"contenttable2 contenttablecell1\">Drehzahlmesserbeleuchtung<\/td>\n<td class=\"contenttable2 contenttablecell2\">LED (orange)<\/td>\n<\/tr>\n<tr>\n<td class=\"contenttable1 contenttablecell1\">Blinkerkontrolleuchte<\/td>\n<td class=\"contenttable1 contenttablecell2\">LED (gr\u00fcn)<\/td>\n<\/tr>\n<tr>\n<td class=\"contenttable2 contenttablecell1\">Leerlaufkontrolleuchte<\/td>\n<td class=\"contenttable2 contenttablecell2\">LED (gr\u00fcn)<\/td>\n<\/tr>\n<tr>\n<td class=\"contenttable1 contenttablecell1\">Fernlichtkontrolleuchte<\/td>\n<td class=\"contenttable1 contenttablecell2\">LED (blau)<\/td>\n<\/tr>\n<tr>\n<td class=\"contenttable2 contenttablecell1\">\u00d6ldruckkontrolleuchte<\/td>\n<td class=\"contenttable2 contenttablecell2\">LED (rot)<\/td>\n<\/tr>\n<tr>\n<td class=\"contenttable1 contenttablecell1\">Einspritzsystemkontrolleuchte<\/td>\n<td class=\"contenttable1 contenttablecell2\">LED (rot)<\/td>\n<\/tr>\n<tr>\n<td class=\"contenttable2 contenttablecell1\">F\u00fcllmenge Kraftstofftank<\/td>\n<td class=\"contenttable2 contenttablecell2\">22 Liter (inkl. Reserve)<\/td>\n<\/tr>\n<tr>\n<td class=\"contenttable1 contenttablecell1\">Motor\u00f6lmenge mit Filterwechsel<\/td>\n<td class=\"contenttable1 contenttablecell2\">4.800 ml<\/td>\n<\/tr>\n<tr>\n<td class=\"contenttable2 contenttablecell1\">Motor\u00f6lmenge ohne Filterwechsel<\/td>\n<td class=\"contenttable2 contenttablecell2\">4.200 ml<\/td>\n<\/tr>\n<tr>\n<td class=\"contenttable1 contenttablecell1\">Motor\u00f6lmenge nach Motor-\u00dcberholung<\/td>\n<td class=\"contenttable1 contenttablecell2\">5.700 ml<\/td>\n<\/tr>\n<tr>\n<td class=\"contenttable2 contenttablecell1\">Lackierungen Modelljahr 2001 (K2)<\/td>\n<td class=\"contenttable2 contenttablecell2\">Hellblau \/ Silber \/ Wei\u00df-Blau-K2<\/td>\n<\/tr>\n<tr>\n<td class=\"contenttable1 contenttablecell1\">Lackierungen Modelljahr 2002 (K2)<\/td>\n<td class=\"contenttable1 contenttablecell2\">Hellblau \/ Silber \/ Wei\u00df-Blau-K2<\/td>\n<\/tr>\n<tr>\n<td class=\"contenttable2 contenttablecell1\">Lackierungen Modelljahr 2003 (K3)<\/td>\n<td class=\"contenttable2 contenttablecell2\">Dunkelblau \/ Grau \/ Wei\u00df-Blau-K3<\/td>\n<\/tr>\n<tr>\n<td class=\"contenttable1 contenttablecell1\">Lackierungen Modelljahr 2004 (K4)<\/td>\n<td class=\"contenttable1 contenttablecell2\">Schwarz \/ Rot-Schwarz \/ Wei\u00df-Blau-K4<\/td>\n<\/tr>\n<tr>\n<td class=\"contenttable2 contenttablecell1\">Lackierungen Modelljahr 2005 (K5)<\/td>\n<td class=\"contenttable2 contenttablecell2\">Schwarz \/ Rot-Schwarz \/ Wei\u00df-Blau-K5<\/td>\n<\/tr>\n<tr>\n<td class=\"contenttable1 contenttablecell1\">Lackierungen Modelljahr 2006 (K6)<\/td>\n<td class=\"contenttable1 contenttablecell2\">Schwarz \/ Wei\u00df-Blau-K6<\/td>\n<\/tr>\n<\/tbody>\n<\/table>\n<p><b class=\"contentbold\"><u class=\"contentunderlined\">Abgasreinigung &amp; Schalld\u00e4mpfung<\/u><\/b><\/p>\n<table class=\"contenttable\" border=\"0\" summary=\"\" cellspacing=\"0\" cellpadding=\"0\">\n<tbody>\n<tr>\n<td class=\"contenttable2 contenttablecell1\">Modelljahr 2001 (K2) &#8211; 2003 (K3)<\/td>\n<td class=\"contenttable2 contenttablecell2\">nur Sekund\u00e4rluftsystem<\/td>\n<\/tr>\n<tr>\n<td class=\"contenttable1 contenttablecell1\">Modelljahr 2004 (K4)<\/td>\n<td class=\"contenttable1 contenttablecell2\">Sekund\u00e4rluftsystem und U-Kat in beiden Schalld\u00e4mpfern<\/td>\n<\/tr>\n<tr>\n<td class=\"contenttable2 contenttablecell1\">Modelljahr 2005 (K5) &#8211; 2006 (K6)<\/td>\n<td class=\"contenttable2 contenttablecell2\">Sekund\u00e4rluftsystem und U-Kat im Schalld\u00e4mpfer<\/td>\n<\/tr>\n<tr>\n<td class=\"contenttable1 contenttablecell1\">Modelle von 2001 (K2) bis 2003 (K3)<\/td>\n<td class=\"contenttable1 contenttablecell2\">2 x Mehrkammerschalld\u00e4mpfer<\/td>\n<\/tr>\n<tr>\n<td class=\"contenttable2 contenttablecell1\">Modell 2004 (K4)<\/td>\n<td class=\"contenttable2 contenttablecell2\">2 x Mehrkammerschalld\u00e4mpfer mit U-Kat<\/td>\n<\/tr>\n<tr>\n<td class=\"contenttable1 contenttablecell1\">Modelle ab 2005 (K5)<\/td>\n<td class=\"contenttable1 contenttablecell2\">1 x Mehrkammerschalld\u00e4mpfer mit U-Kat<\/td>\n<\/tr>\n<\/tbody>\n<\/table>\n<p><b class=\"contentbold\"><u class=\"contentunderlined\">Wartungsintervalle<\/u><\/b><\/p>\n<table class=\"contenttable\" border=\"0\" summary=\"\" cellspacing=\"0\" cellpadding=\"0\">\n<tbody>\n<tr>\n<td class=\"contenttable2 contenttablecell1\">nach 1.000 km<\/td>\n<td class=\"contenttable2 contenttablecell2\">Motor\u00f6l wechseln, \u00d6lfilter wechseln, allg. Pr\u00fcfungen<\/td>\n<\/tr>\n<tr>\n<td class=\"contenttable1 contenttablecell1\">alle 6.000 km<\/td>\n<td class=\"contenttable1 contenttablecell2\">Motor\u00f6l wechseln, allg. Pr\u00fcfungen<\/td>\n<\/tr>\n<tr>\n<td class=\"contenttable2 contenttablecell1\">alle 12.000 km<\/td>\n<td class=\"contenttable2 contenttablecell2\">Z\u00fcndkerzen wechseln<\/td>\n<\/tr>\n<tr>\n<td class=\"contenttable1 contenttablecell1\">alle 18.000 km<\/td>\n<td class=\"contenttable1 contenttablecell2\">\u00d6lfilter wechseln, Luftfilter wechseln<\/td>\n<\/tr>\n<tr>\n<td class=\"contenttable2 contenttablecell1\">alle 24.000 km<\/td>\n<td class=\"contenttable2 contenttablecell2\">Ventile einstellen bzw. Spiel kontrollieren<\/td>\n<\/tr>\n<tr>\n<td class=\"contenttable1 contenttablecell1\">alle 2 Jahre<\/td>\n<td class=\"contenttable1 contenttablecell2\">Bremsfl\u00fcssigkeiten wechseln<\/td>\n<\/tr>\n<tr>\n<td class=\"contenttable2 contenttablecell1\">alle 4 Jahre<\/td>\n<td class=\"contenttable2 contenttablecell2\">Bremsleitungen erneuern<\/td>\n<\/tr>\n<tr>\n<td class=\"contenttable1 contenttablecell1\">alle 10 Jahre<\/td>\n<td class=\"contenttable1 contenttablecell2\">Benzinleitungen erneuern<\/td>\n<\/tr>\n<\/tbody>\n<\/table>\n<p><b class=\"contentbold\"><u class=\"contentunderlined\">Leistung, Geschwindigkeit &amp; Reichweite <\/u><\/b><\/p>\n<table class=\"contenttable\" border=\"0\" summary=\"\" cellspacing=\"0\" cellpadding=\"0\">\n<tbody>\n<tr>\n<td class=\"contenttable2 contenttablecell1\">Leistung<\/td>\n<td class=\"contenttable2 contenttablecell2\">78 kW bei 6.800 U \/ min.<\/td>\n<\/tr>\n<tr>\n<td class=\"contenttable1 contenttablecell1\">Drehmoment<\/td>\n<td class=\"contenttable1 contenttablecell2\">126 Nm bei 5.000 U \/ min.<\/td>\n<\/tr>\n<tr>\n<td class=\"contenttable2 contenttablecell1\">H\u00f6chstgeschwindigkeit<\/td>\n<td class=\"contenttable2 contenttablecell2\">ca. 230 km \/ h<\/td>\n<\/tr>\n<tr>\n<td class=\"contenttable1 contenttablecell1\">Reichweite pro Tankf\u00fcllung<\/td>\n<td class=\"contenttable1 contenttablecell2\">ca. 320 km<\/td>\n<\/tr>\n<\/tbody>\n<\/table>\n","protected":false},"excerpt":{"rendered":"<p>Technische Daten Motor &amp; Getriebe Motor DOHC luftgek\u00fchlt, 16 Ventile Zylinder 4 Bohrung 81 mm Hub 68 mm Hubraum 1402 ccm Verdichtung 9,5 : 1 Kraftstoffsystem Einspritzung 34 mm SDTV <a class=\"more-link\" href=\"https:\/\/bergischerbiker.de\/wordpress\/die-bikes\/suzuki-gsx-1400\/technische-daten-gsx1400\/\">Weiterlesen\u00a0\u2026<\/a><\/p>\n","protected":false},"author":1,"featured_media":0,"parent":34,"menu_order":0,"comment_status":"closed","ping_status":"closed","template":"","meta":{"ngg_post_thumbnail":0,"footnotes":""},"class_list":["post-47","page","type-page","status-publish","hentry"],"_links":{"self":[{"href":"https:\/\/bergischerbiker.de\/wordpress\/wp-json\/wp\/v2\/pages\/47","targetHints":{"allow":["GET"]}}],"collection":[{"href":"https:\/\/bergischerbiker.de\/wordpress\/wp-json\/wp\/v2\/pages"}],"about":[{"href":"https:\/\/bergischerbiker.de\/wordpress\/wp-json\/wp\/v2\/types\/page"}],"author":[{"embeddable":true,"href":"https:\/\/bergischerbiker.de\/wordpress\/wp-json\/wp\/v2\/users\/1"}],"replies":[{"embeddable":true,"href":"https:\/\/bergischerbiker.de\/wordpress\/wp-json\/wp\/v2\/comments?post=47"}],"version-history":[{"count":1,"href":"https:\/\/bergischerbiker.de\/wordpress\/wp-json\/wp\/v2\/pages\/47\/revisions"}],"predecessor-version":[{"id":48,"href":"https:\/\/bergischerbiker.de\/wordpress\/wp-json\/wp\/v2\/pages\/47\/revisions\/48"}],"up":[{"embeddable":true,"href":"https:\/\/bergischerbiker.de\/wordpress\/wp-json\/wp\/v2\/pages\/34"}],"wp:attachment":[{"href":"https:\/\/bergischerbiker.de\/wordpress\/wp-json\/wp\/v2\/media?parent=47"}],"curies":[{"name":"wp","href":"https:\/\/api.w.org\/{rel}","templated":true}]}}