{"id":45,"date":"2017-12-04T17:54:06","date_gmt":"2017-12-04T16:54:06","guid":{"rendered":"http:\/\/bergischerbiker.de\/wordpress\/?page_id=45"},"modified":"2017-12-05T19:13:07","modified_gmt":"2017-12-05T18:13:07","slug":"community-gsx1400","status":"publish","type":"page","link":"https:\/\/bergischerbiker.de\/wordpress\/die-bikes\/suzuki-gsx-1400\/community-gsx1400\/","title":{"rendered":"Community GSX1400"},"content":{"rendered":"<h1 id=\"a2\" class=\"heading1\">Community<\/h1>\n<p>Die IG-GSX 1400 ist eine Interessengemeinschaft der Suzuki GSX 1400 Fahrer in Deutschland, \u00d6sterreich, der Schweiz und BeNeLux. Nat\u00fcrlich sind auch andere Fahrer aus anderen Nationen recht herzlich willkommen, aber leider haben sich bis jetzt noch nicht viele aus anderen L\u00e4ndern angemeldet.<\/p>\n<p>Die IG ist kein Verein, also gibt es auch keine festen Regeln oder Bestimmungen bzw. Richtlinien. Allgemein kann man sagen, die IG dient der Findung und der Kommunikation der einzelnen GSX 1400 Fahrer untereinander.<\/p>\n<p><img loading=\"lazy\" decoding=\"async\" class=\"alignnone size-medium wp-image-878\" src=\"https:\/\/bergischerbiker.de\/wordpress\/wp-content\/uploads\/2017\/12\/compxxxzz_IMG_5587-300x200.jpg\" alt=\"\" width=\"300\" height=\"200\" srcset=\"https:\/\/bergischerbiker.de\/wordpress\/wp-content\/uploads\/2017\/12\/compxxxzz_IMG_5587-300x200.jpg 300w, https:\/\/bergischerbiker.de\/wordpress\/wp-content\/uploads\/2017\/12\/compxxxzz_IMG_5587-768x512.jpg 768w, https:\/\/bergischerbiker.de\/wordpress\/wp-content\/uploads\/2017\/12\/compxxxzz_IMG_5587-225x150.jpg 225w, https:\/\/bergischerbiker.de\/wordpress\/wp-content\/uploads\/2017\/12\/compxxxzz_IMG_5587.jpg 800w\" sizes=\"auto, (max-width: 300px) 100vw, 300px\" \/> <img loading=\"lazy\" decoding=\"async\" class=\"alignnone size-medium wp-image-868\" src=\"https:\/\/bergischerbiker.de\/wordpress\/wp-content\/uploads\/2017\/12\/compxxxzz_IMG_3566-300x200.jpg\" alt=\"\" width=\"300\" height=\"200\" srcset=\"https:\/\/bergischerbiker.de\/wordpress\/wp-content\/uploads\/2017\/12\/compxxxzz_IMG_3566-300x200.jpg 300w, https:\/\/bergischerbiker.de\/wordpress\/wp-content\/uploads\/2017\/12\/compxxxzz_IMG_3566-768x512.jpg 768w, https:\/\/bergischerbiker.de\/wordpress\/wp-content\/uploads\/2017\/12\/compxxxzz_IMG_3566-225x150.jpg 225w, https:\/\/bergischerbiker.de\/wordpress\/wp-content\/uploads\/2017\/12\/compxxxzz_IMG_3566.jpg 800w\" sizes=\"auto, (max-width: 300px) 100vw, 300px\" \/><\/p>\n<p>Zentraler Treffpunkt der IG-Member (Mitglieder) ist das&nbsp;<a class=\"link\" title=\"Externe Adresse &quot;https:\/\/www.gsx1400forum.net&quot; aufrufen\" href=\"https:\/\/www.gsx1400forum.net\/\" target=\"_blank\" rel=\"noopener\">https:\/\/www.gsx1400forum.net<\/a>.<br \/>\nInnerhalb des Forums wird zwischen den Bereichen &#8222;Nord&#8220;; &#8222;West&#8220;; &#8222;S\u00fcd&#8220;; &#8222;Ost&#8220;; &#8222;Mitte&#8220;; &#8222;BeNeLux&#8220; und &#8222;ACH&#8220; unterschieden, allerdings nur der \u00dcbersichtlichkeit wegen.<br \/>\nIn diesen Bereichen k\u00f6nnen die User und auch die Besucher \u00fcber alles und jeden reden.<br \/>\nSchwerpunkt ist allerdings fast immer die GSX 1400 in allen Varianten. Infos \u00fcber Technik, Rechtliches und Touren finden sich ebenso in den Bereichen, wie Infos zu Treffen und Veranstaltungen.<br \/>\nDes weiteren werden im Forum technische Themen genauso behandelt wie Fragen und Antworten zu aktuellen Themen.<\/p>\n<p>Die Community ist aber auch au\u00dferhalb des Forums aktiv.<br \/>\nDer&nbsp;<a class=\"link\" title=\"Externe Adresse &quot;http:\/\/www.suzuki-club.eu&quot; aufrufen\" href=\"http:\/\/www.suzuki-club.eu\/\" target=\"_blank\" rel=\"noopener\">http:\/\/www.suzuki-club.eu<\/a>&nbsp;bindet seit 2012 die Foren und Clubs rund um&nbsp;<a class=\"link\" title=\"Externe Adresse &quot;http:\/\/www.suzuki.de&quot; aufrufen\" href=\"http:\/\/www.suzuki.de\/\" target=\"_blank\" rel=\"noopener\">http:\/\/www.suzuki.de<\/a>&nbsp;st\u00e4rker in Veranstaltungen ein.<br \/>\nSomit nahm die IG 2012 erstmalig an den European Suzuki Days in Hockenheim (<a class=\"link\" title=\"Externe Adresse &quot;http:\/\/de.wikipedia.org\/wiki\/Hockenheimring&quot; aufrufen\" href=\"http:\/\/de.wikipedia.org\/wiki\/Hockenheimring\" target=\"_blank\" rel=\"noopener\">Hockenheimring<\/a>) teil.<\/p>\n<p><img loading=\"lazy\" decoding=\"async\" class=\"alignnone size-medium wp-image-879\" src=\"https:\/\/bergischerbiker.de\/wordpress\/wp-content\/uploads\/2017\/12\/compxxxzz_IMG_5776-300x200.jpg\" alt=\"\" width=\"300\" height=\"200\" srcset=\"https:\/\/bergischerbiker.de\/wordpress\/wp-content\/uploads\/2017\/12\/compxxxzz_IMG_5776-300x200.jpg 300w, https:\/\/bergischerbiker.de\/wordpress\/wp-content\/uploads\/2017\/12\/compxxxzz_IMG_5776-768x512.jpg 768w, https:\/\/bergischerbiker.de\/wordpress\/wp-content\/uploads\/2017\/12\/compxxxzz_IMG_5776-225x150.jpg 225w, https:\/\/bergischerbiker.de\/wordpress\/wp-content\/uploads\/2017\/12\/compxxxzz_IMG_5776.jpg 800w\" sizes=\"auto, (max-width: 300px) 100vw, 300px\" \/><\/p>\n<p>Anno 2013 war die IG Ausstellungsteilnehmer in der Suzuki Club-World auf der Motorrad Messe in Dortmund.<\/p>\n<p>Die IG war aber auch schon vorher in Sachen Messe und Ausstellungen aktiv.<br \/>\nSeit 2006 sind die Member vertreten durch ein Messe Team auf der Motorrad Messe in Dortmund mit einem eigenen Stand vertreten.<\/p>\n<p><img loading=\"lazy\" decoding=\"async\" class=\"alignnone size-medium wp-image-877\" src=\"https:\/\/bergischerbiker.de\/wordpress\/wp-content\/uploads\/2017\/12\/compxxxzz_IMG_5560-300x200.jpg\" alt=\"\" width=\"300\" height=\"200\" srcset=\"https:\/\/bergischerbiker.de\/wordpress\/wp-content\/uploads\/2017\/12\/compxxxzz_IMG_5560-300x200.jpg 300w, https:\/\/bergischerbiker.de\/wordpress\/wp-content\/uploads\/2017\/12\/compxxxzz_IMG_5560-768x512.jpg 768w, https:\/\/bergischerbiker.de\/wordpress\/wp-content\/uploads\/2017\/12\/compxxxzz_IMG_5560-225x150.jpg 225w, https:\/\/bergischerbiker.de\/wordpress\/wp-content\/uploads\/2017\/12\/compxxxzz_IMG_5560.jpg 800w\" sizes=\"auto, (max-width: 300px) 100vw, 300px\" \/><\/p>\n<p>Ebenso geh\u00f6ren Treffen (auch Jahrestreffen) zu den regelm\u00e4\u00dfigen Veranstaltungen innerhalb der Community.<br \/>\nSeit 2002 finden diese Jahrestreffen in und um Deutschland statt und werden von teilweise \u00fcber 100 Teilnehmern (2006 Burg Hessenstein) besucht.<\/p>\n<p>Ein Besuch der Community lohnt sich auf jeden Fall (nicht nur f\u00fcr GSX 1400 Fahrer).<br \/>\nEinfach mal reinschauen und im Forum anmelden&#8230;<\/p>\n<h1 id=\"a3\" class=\"heading1\"><a class=\"link\" title=\"Externe Adresse &quot;https:\/\/www.gsx1400forum.net&quot; aufrufen\" href=\"https:\/\/www.gsx1400forum.net\/\" target=\"_blank\" rel=\"noopener\">https:\/\/www.gsx1400forum.net<\/a><\/h1>\n","protected":false},"excerpt":{"rendered":"<p>Community Die IG-GSX 1400 ist eine Interessengemeinschaft der Suzuki GSX 1400 Fahrer in Deutschland, \u00d6sterreich, der Schweiz und BeNeLux. Nat\u00fcrlich sind auch andere Fahrer aus anderen Nationen recht herzlich willkommen, <a class=\"more-link\" href=\"https:\/\/bergischerbiker.de\/wordpress\/die-bikes\/suzuki-gsx-1400\/community-gsx1400\/\">Weiterlesen\u00a0\u2026<\/a><\/p>\n","protected":false},"author":1,"featured_media":0,"parent":34,"menu_order":0,"comment_status":"closed","ping_status":"closed","template":"","meta":{"ngg_post_thumbnail":0,"footnotes":""},"class_list":["post-45","page","type-page","status-publish","hentry"],"_links":{"self":[{"href":"https:\/\/bergischerbiker.de\/wordpress\/wp-json\/wp\/v2\/pages\/45","targetHints":{"allow":["GET"]}}],"collection":[{"href":"https:\/\/bergischerbiker.de\/wordpress\/wp-json\/wp\/v2\/pages"}],"about":[{"href":"https:\/\/bergischerbiker.de\/wordpress\/wp-json\/wp\/v2\/types\/page"}],"author":[{"embeddable":true,"href":"https:\/\/bergischerbiker.de\/wordpress\/wp-json\/wp\/v2\/users\/1"}],"replies":[{"embeddable":true,"href":"https:\/\/bergischerbiker.de\/wordpress\/wp-json\/wp\/v2\/comments?post=45"}],"version-history":[{"count":3,"href":"https:\/\/bergischerbiker.de\/wordpress\/wp-json\/wp\/v2\/pages\/45\/revisions"}],"predecessor-version":[{"id":894,"href":"https:\/\/bergischerbiker.de\/wordpress\/wp-json\/wp\/v2\/pages\/45\/revisions\/894"}],"up":[{"embeddable":true,"href":"https:\/\/bergischerbiker.de\/wordpress\/wp-json\/wp\/v2\/pages\/34"}],"wp:attachment":[{"href":"https:\/\/bergischerbiker.de\/wordpress\/wp-json\/wp\/v2\/media?parent=45"}],"curies":[{"name":"wp","href":"https:\/\/api.w.org\/{rel}","templated":true}]}}