{"id":39,"date":"2017-12-04T17:49:10","date_gmt":"2017-12-04T16:49:10","guid":{"rendered":"http:\/\/bergischerbiker.de\/wordpress\/?page_id=39"},"modified":"2017-12-04T17:49:10","modified_gmt":"2017-12-04T16:49:10","slug":"technische-daten-b-king","status":"publish","type":"page","link":"https:\/\/bergischerbiker.de\/wordpress\/die-bikes\/suzuki-b-king\/technische-daten-b-king\/","title":{"rendered":"Technische Daten B-King"},"content":{"rendered":"<h1 id=\"a2\" class=\"heading1\">Technische Daten B-King<\/h1>\n<p><b class=\"contentbold\"><u class=\"contentunderlined\">Motor &amp; Getriebe<\/u><\/b><\/p>\n<table class=\"contenttable\" style=\"height: 884px;\" border=\"0\" summary=\"\" width=\"511\" cellspacing=\"0\" cellpadding=\"0\">\n<tbody>\n<tr>\n<td class=\"contenttable2 contenttablecell1\">Motor<\/td>\n<td class=\"contenttable2 contenttablecell2\">DOHC wassergek\u00fchlt, 16 Ventile<\/td>\n<\/tr>\n<tr>\n<td class=\"contenttable1 contenttablecell1\">Zylinder<\/td>\n<td class=\"contenttable1 contenttablecell2\">4<\/td>\n<\/tr>\n<tr>\n<td class=\"contenttable2 contenttablecell1\">Bohrung<\/td>\n<td class=\"contenttable2 contenttablecell2\">81 mm<\/td>\n<\/tr>\n<tr>\n<td class=\"contenttable1 contenttablecell1\">Hub<\/td>\n<td class=\"contenttable1 contenttablecell2\">65 mm<\/td>\n<\/tr>\n<tr>\n<td class=\"contenttable2 contenttablecell1\">Hubraum<\/td>\n<td class=\"contenttable2 contenttablecell2\">1340 ccm<\/td>\n<\/tr>\n<tr>\n<td class=\"contenttable1 contenttablecell1\">Verdichtung<\/td>\n<td class=\"contenttable1 contenttablecell2\">12,5 : 1<\/td>\n<\/tr>\n<tr>\n<td class=\"contenttable2 contenttablecell1\">Kraftstoffsystem<\/td>\n<td class=\"contenttable2 contenttablecell2\">Einspritzung 44 mm SDTV<\/td>\n<\/tr>\n<tr>\n<td class=\"contenttable1 contenttablecell1\">Abgasreinigung<\/td>\n<td class=\"contenttable1 contenttablecell2\">G-Kat<\/td>\n<\/tr>\n<tr>\n<td class=\"contenttable2 contenttablecell1\">Luftfilter<\/td>\n<td class=\"contenttable2 contenttablecell2\">Papiereinsatz<\/td>\n<\/tr>\n<tr>\n<td class=\"contenttable1 contenttablecell1\">Anlasser<\/td>\n<td class=\"contenttable1 contenttablecell2\">Elektrisch<\/td>\n<\/tr>\n<tr>\n<td class=\"contenttable2 contenttablecell1\">Systemschmierung<\/td>\n<td class=\"contenttable2 contenttablecell2\">Na\u00df-Sumpf-Schmierung<\/td>\n<\/tr>\n<tr>\n<td class=\"contenttable1 contenttablecell1\">Kupplung<\/td>\n<td class=\"contenttable1 contenttablecell2\">Mehrscheiben im \u00d6lbad<\/td>\n<\/tr>\n<tr>\n<td class=\"contenttable2 contenttablecell1\">Getriebeart<\/td>\n<td class=\"contenttable2 contenttablecell2\">6 Gang Schaltgetriebe<\/td>\n<\/tr>\n<tr>\n<td class=\"contenttable1 contenttablecell1\">Gangschema<\/td>\n<td class=\"contenttable1 contenttablecell2\">1 runter, 5 rauf<\/td>\n<\/tr>\n<tr>\n<td class=\"contenttable2 contenttablecell1\">Prim\u00e4r\u00fcbersetzung<\/td>\n<td class=\"contenttable2 contenttablecell2\">1,596 (83\/52)<\/td>\n<\/tr>\n<tr>\n<td class=\"contenttable1 contenttablecell1\">1. Gang<\/td>\n<td class=\"contenttable1 contenttablecell2\">2,615 (34\/13)<\/td>\n<\/tr>\n<tr>\n<td class=\"contenttable2 contenttablecell1\">2. Gang<\/td>\n<td class=\"contenttable2 contenttablecell2\">1,937 (31\/16)<\/td>\n<\/tr>\n<tr>\n<td class=\"contenttable1 contenttablecell1\">3. Gang<\/td>\n<td class=\"contenttable1 contenttablecell2\">1,526 (29\/19)<\/td>\n<\/tr>\n<tr>\n<td class=\"contenttable2 contenttablecell1\">4. Gang<\/td>\n<td class=\"contenttable2 contenttablecell2\">1,285 (27\/21)<\/td>\n<\/tr>\n<tr>\n<td class=\"contenttable1 contenttablecell1\">5. Gang<\/td>\n<td class=\"contenttable1 contenttablecell2\">1,136 (25\/22)<\/td>\n<\/tr>\n<tr>\n<td class=\"contenttable2 contenttablecell1\">6. Gang<\/td>\n<td class=\"contenttable2 contenttablecell2\">1,043 (43\/18)<\/td>\n<\/tr>\n<tr>\n<td class=\"contenttable1 contenttablecell1\">Enduntersetzungsverh\u00e4ltnis<\/td>\n<td class=\"contenttable1 contenttablecell2\">2,388 (43\/18)<\/td>\n<\/tr>\n<tr>\n<td class=\"contenttable2 contenttablecell1\">Sekund\u00e4rantrieb<\/td>\n<td class=\"contenttable2 contenttablecell2\">RK GB50GSV Z4, 118 Glieder<\/td>\n<\/tr>\n<tr>\n<td class=\"contenttable1 contenttablecell1\">Leerlaufdrehzahl<\/td>\n<td class=\"contenttable1 contenttablecell2\">1150 U \/ min. (+- 100 U \/ min.)<\/td>\n<\/tr>\n<\/tbody>\n<\/table>\n<p><b class=\"contentbold\"><u class=\"contentunderlined\">Abmessungen &amp; Fahrwerk<\/u><\/b><\/p>\n<table class=\"contenttable\" border=\"0\" summary=\"\" cellspacing=\"0\" cellpadding=\"0\">\n<tbody>\n<tr>\n<td class=\"contenttable2 contenttablecell1\">Gesammtl\u00e4nge<\/td>\n<td class=\"contenttable2 contenttablecell2\">2200 mm<\/td>\n<\/tr>\n<tr>\n<td class=\"contenttable1 contenttablecell1\">Gesammtbreite<\/td>\n<td class=\"contenttable1 contenttablecell2\">800 mm<\/td>\n<\/tr>\n<tr>\n<td class=\"contenttable2 contenttablecell1\">Gesammth\u00f6he<\/td>\n<td class=\"contenttable2 contenttablecell2\">1085 mm<\/td>\n<\/tr>\n<tr>\n<td class=\"contenttable1 contenttablecell1\">Radstand<\/td>\n<td class=\"contenttable1 contenttablecell2\">1.525 mm<\/td>\n<\/tr>\n<tr>\n<td class=\"contenttable2 contenttablecell1\">Bodenfreiheit<\/td>\n<td class=\"contenttable2 contenttablecell2\">120 mm<\/td>\n<\/tr>\n<tr>\n<td class=\"contenttable1 contenttablecell1\">Sitzh\u00f6he<\/td>\n<td class=\"contenttable1 contenttablecell2\">810 mm<\/td>\n<\/tr>\n<tr>\n<td class=\"contenttable2 contenttablecell1\">Leergewicht<\/td>\n<td class=\"contenttable2 contenttablecell2\">241 kg<\/td>\n<\/tr>\n<tr>\n<td class=\"contenttable1 contenttablecell1\">Gewicht vollgetankt<\/td>\n<td class=\"contenttable1 contenttablecell2\">259 kg<\/td>\n<\/tr>\n<tr>\n<td class=\"contenttable2 contenttablecell1\">Vorderradaufh\u00e4ngung<\/td>\n<td class=\"contenttable2 contenttablecell2\">Upside-down-Gabel 43 mm<\/td>\n<\/tr>\n<tr>\n<td class=\"contenttable1 contenttablecell1\">Hinterradaufh\u00e4ngung<\/td>\n<td class=\"contenttable1 contenttablecell2\">Zweiarmschwinge aus Alu, Zentralfederbein mit Hebelsystem<\/td>\n<\/tr>\n<tr>\n<td class=\"contenttable2 contenttablecell1\">Nachlauf<\/td>\n<td class=\"contenttable2 contenttablecell2\">107 mm<\/td>\n<\/tr>\n<tr>\n<td class=\"contenttable1 contenttablecell1\">Lenkungswinkel<\/td>\n<td class=\"contenttable1 contenttablecell2\">64\u00b0<\/td>\n<\/tr>\n<tr>\n<td class=\"contenttable2 contenttablecell1\">Wenderadius<\/td>\n<td class=\"contenttable2 contenttablecell2\">3,0 m<\/td>\n<\/tr>\n<tr>\n<td class=\"contenttable1 contenttablecell1\">Vorderradbremse<\/td>\n<td class=\"contenttable1 contenttablecell2\">Scheibenbremse, doppelt 310 mm<\/td>\n<\/tr>\n<tr>\n<td class=\"contenttable2 contenttablecell1\">Hinterradbremse<\/td>\n<td class=\"contenttable2 contenttablecell2\">Scheibenbremse, einfach 260 mm<\/td>\n<\/tr>\n<tr>\n<td class=\"contenttable1 contenttablecell1\">Bremssystem vorne<\/td>\n<td class=\"contenttable1 contenttablecell2\">2 x 4 Kolbens\u00e4ttel, fest mit ABS<\/td>\n<\/tr>\n<tr>\n<td class=\"contenttable2 contenttablecell1\">Bremssystem hinten<\/td>\n<td class=\"contenttable2 contenttablecell2\">1 x 1 Kolbensattel, schwimmend mit ABS<\/td>\n<\/tr>\n<tr>\n<td class=\"contenttable1 contenttablecell1\">Felge vorne<\/td>\n<td class=\"contenttable1 contenttablecell2\">3,50 \u00d7 17<\/td>\n<\/tr>\n<tr>\n<td class=\"contenttable2 contenttablecell1\">Felge hinten<\/td>\n<td class=\"contenttable2 contenttablecell2\">6,00 \u00d7 17<\/td>\n<\/tr>\n<tr>\n<td class=\"contenttable1 contenttablecell1\">Reifengr\u00f6\u00dfe vorne<\/td>\n<td class=\"contenttable1 contenttablecell2\">120 \/ 70 ZR 17<\/td>\n<\/tr>\n<tr>\n<td class=\"contenttable2 contenttablecell1\">Reifengr\u00f6\u00dfe hinten<\/td>\n<td class=\"contenttable2 contenttablecell2\">200 \/ 50 ZR 17<\/td>\n<\/tr>\n<tr>\n<td class=\"contenttable1 contenttablecell1\">Rahmen<\/td>\n<td class=\"contenttable1 contenttablecell2\">Br\u00fcckenrahmen aus Alu<\/td>\n<\/tr>\n<\/tbody>\n<\/table>\n<p><b class=\"contentbold\"><u class=\"contentunderlined\">Elektrik, Fl\u00fcssigkeiten &amp; Farben<\/u><\/b><\/p>\n<table class=\"contenttable\" border=\"0\" summary=\"\" cellspacing=\"0\" cellpadding=\"0\">\n<tbody>\n<tr>\n<td class=\"contenttable2 contenttablecell1\">Z\u00fcndung<\/td>\n<td class=\"contenttable2 contenttablecell2\">Elektronische Transistor Z\u00fcndung<\/td>\n<\/tr>\n<tr>\n<td class=\"contenttable1 contenttablecell1\">Z\u00fcndkerze<\/td>\n<td class=\"contenttable1 contenttablecell2\">NGK CR9EIA-9<\/td>\n<\/tr>\n<tr>\n<td class=\"contenttable2 contenttablecell1\">Batterie<\/td>\n<td class=\"contenttable2 contenttablecell2\">12V 10Ah<\/td>\n<\/tr>\n<tr>\n<td class=\"contenttable1 contenttablecell1\">Generator<\/td>\n<td class=\"contenttable1 contenttablecell2\">Drehstromgenerator<\/td>\n<\/tr>\n<tr>\n<td class=\"contenttable2 contenttablecell1\">Sicherungen<\/td>\n<td class=\"contenttable2 contenttablecell2\">15\/15\/10\/10\/10\/10\/10 A<\/td>\n<\/tr>\n<tr>\n<td class=\"contenttable1 contenttablecell1\">Scheinwerfer<\/td>\n<td class=\"contenttable1 contenttablecell2\">12V 60\/55W (H4)<\/td>\n<\/tr>\n<tr>\n<td class=\"contenttable2 contenttablecell1\">Begrenzungsleuchte<\/td>\n<td class=\"contenttable2 contenttablecell2\">12V 5W (2 St\u00fcck)<\/td>\n<\/tr>\n<tr>\n<td class=\"contenttable1 contenttablecell1\">Blinkleuchten<\/td>\n<td class=\"contenttable1 contenttablecell2\">12V 21W<\/td>\n<\/tr>\n<tr>\n<td class=\"contenttable2 contenttablecell1\">Brems-, R\u00fcckleuchte<\/td>\n<td class=\"contenttable2 contenttablecell2\">LED<\/td>\n<\/tr>\n<tr>\n<td class=\"contenttable1 contenttablecell1\">Kennzeichenleuchte<\/td>\n<td class=\"contenttable1 contenttablecell2\">12V 5W<\/td>\n<\/tr>\n<tr>\n<td class=\"contenttable2 contenttablecell1\">Tachobeleuchtung<\/td>\n<td class=\"contenttable2 contenttablecell2\">LED (blau)<\/td>\n<\/tr>\n<tr>\n<td class=\"contenttable1 contenttablecell1\">Drehzahlmesserbeleuchtung<\/td>\n<td class=\"contenttable1 contenttablecell2\">LED (blau)<\/td>\n<\/tr>\n<tr>\n<td class=\"contenttable2 contenttablecell1\">Blinkerkontrolleuchte<\/td>\n<td class=\"contenttable2 contenttablecell2\">LED (gr\u00fcn)<\/td>\n<\/tr>\n<tr>\n<td class=\"contenttable1 contenttablecell1\">Leerlaufkontrolleuchte<\/td>\n<td class=\"contenttable1 contenttablecell2\">LED (gr\u00fcn)<\/td>\n<\/tr>\n<tr>\n<td class=\"contenttable2 contenttablecell1\">Fernlichtkontrolleuchte<\/td>\n<td class=\"contenttable2 contenttablecell2\">LED (blau)<\/td>\n<\/tr>\n<tr>\n<td class=\"contenttable1 contenttablecell1\">\u00d6ldruckkontrolleuchte<\/td>\n<td class=\"contenttable1 contenttablecell2\">LED (rot)<\/td>\n<\/tr>\n<tr>\n<td class=\"contenttable2 contenttablecell1\">Einspritzsystemkontrolleuchte<\/td>\n<td class=\"contenttable2 contenttablecell2\">LED (rot)<\/td>\n<\/tr>\n<tr>\n<td class=\"contenttable1 contenttablecell1\">Servicekontrollleuchte<\/td>\n<td class=\"contenttable1 contenttablecell2\">LED (rot)<\/td>\n<\/tr>\n<tr>\n<td class=\"contenttable2 contenttablecell1\">ABS Kontrolleuchte (nur bei ABS Version)<\/td>\n<td class=\"contenttable2 contenttablecell2\">LED (rot)<\/td>\n<\/tr>\n<tr>\n<td class=\"contenttable1 contenttablecell1\">Wegfahrsperren-Anzeigeleuchte<\/td>\n<td class=\"contenttable1 contenttablecell2\">LED (rot)<\/td>\n<\/tr>\n<tr>\n<td class=\"contenttable2 contenttablecell1\">F\u00fcllmenge Kraftstofftank<\/td>\n<td class=\"contenttable2 contenttablecell2\">16,5 Liter (inkl. Reserve)<\/td>\n<\/tr>\n<tr>\n<td class=\"contenttable1 contenttablecell1\">K\u00fchlfl\u00fcssigkeit<\/td>\n<td class=\"contenttable1 contenttablecell2\">2900 ml<\/td>\n<\/tr>\n<tr>\n<td class=\"contenttable2 contenttablecell1\">Bremsfl\u00fcssigkeit<\/td>\n<td class=\"contenttable2 contenttablecell2\">DOT 4<\/td>\n<\/tr>\n<tr>\n<td class=\"contenttable1 contenttablecell1\">Motor\u00f6l<\/td>\n<td class=\"contenttable1 contenttablecell2\">SAE 10W-40 (MIN. API SF )<\/td>\n<\/tr>\n<tr>\n<td class=\"contenttable2 contenttablecell1\">Motor\u00f6lmenge mit Filterwechsel<\/td>\n<td class=\"contenttable2 contenttablecell2\">3300 ml<\/td>\n<\/tr>\n<tr>\n<td class=\"contenttable1 contenttablecell1\">Motor\u00f6lmenge ohne Filterwechsel<\/td>\n<td class=\"contenttable1 contenttablecell2\">3100 ml<\/td>\n<\/tr>\n<tr>\n<td class=\"contenttable2 contenttablecell1\">Motor\u00f6lmenge nach Motor-\u00dcberholung<\/td>\n<td class=\"contenttable2 contenttablecell2\">4000 ml<\/td>\n<\/tr>\n<\/tbody>\n<\/table>\n<p><b class=\"contentbold\"><u class=\"contentunderlined\">Abgasreinigung &amp; Schalld\u00e4mpfung<\/u><\/b><\/p>\n<table class=\"contenttable\" border=\"0\" summary=\"\" cellspacing=\"0\" cellpadding=\"0\">\n<tbody>\n<tr>\n<td class=\"contenttable2 contenttablecell1\">Modelljahr 2007 (K7) &#8211; 2012 (L2)<\/td>\n<td class=\"contenttable2 contenttablecell2\">zentraler G-Kat mit Endschalld\u00e4mpfer und Auspuffklappe im Verbindungsrohr<\/td>\n<\/tr>\n<\/tbody>\n<\/table>\n<p><b class=\"contentbold\"><u class=\"contentunderlined\">Wartungsintervalle<\/u><\/b><\/p>\n<table class=\"contenttable\" border=\"0\" summary=\"\" cellspacing=\"0\" cellpadding=\"0\">\n<tbody>\n<tr>\n<td class=\"contenttable2 contenttablecell1\">nach 1.000 km<\/td>\n<td class=\"contenttable2 contenttablecell2\">Motor\u00f6l wechseln, \u00d6lfilter wechseln, allg. Pr\u00fcfungen<\/td>\n<\/tr>\n<tr>\n<td class=\"contenttable1 contenttablecell1\">alle 6.000 km<\/td>\n<td class=\"contenttable1 contenttablecell2\">Motor\u00f6l wechseln, allg. Pr\u00fcfungen<\/td>\n<\/tr>\n<tr>\n<td class=\"contenttable2 contenttablecell1\">alle 12.000 km<\/td>\n<td class=\"contenttable2 contenttablecell2\">Z\u00fcndkerzen wechseln<\/td>\n<\/tr>\n<tr>\n<td class=\"contenttable1 contenttablecell1\">alle 18.000 km<\/td>\n<td class=\"contenttable1 contenttablecell2\">\u00d6lfilter wechseln, Luftfilter wechseln<\/td>\n<\/tr>\n<tr>\n<td class=\"contenttable2 contenttablecell1\">alle 24.000 km<\/td>\n<td class=\"contenttable2 contenttablecell2\">Ventile einstellen bzw. Spiel kontrollieren<\/td>\n<\/tr>\n<tr>\n<td class=\"contenttable1 contenttablecell1\">alle 2 Jahre<\/td>\n<td class=\"contenttable1 contenttablecell2\">Bremsfl\u00fcssigkeiten wechseln<\/td>\n<\/tr>\n<tr>\n<td class=\"contenttable2 contenttablecell1\">alle 4 Jahre<\/td>\n<td class=\"contenttable2 contenttablecell2\">Bremsleitungen erneuern<\/td>\n<\/tr>\n<tr>\n<td class=\"contenttable1 contenttablecell1\">alle 2 Jahre<\/td>\n<td class=\"contenttable1 contenttablecell2\">Kupplungsfl\u00fcssigkeit wechseln<\/td>\n<\/tr>\n<tr>\n<td class=\"contenttable2 contenttablecell1\">alle 4 Jahre<\/td>\n<td class=\"contenttable2 contenttablecell2\">Kupplungsschlauch erneuern<\/td>\n<\/tr>\n<tr>\n<td class=\"contenttable1 contenttablecell1\">alle 2 Jahre<\/td>\n<td class=\"contenttable1 contenttablecell2\">K\u00fchlmittel auswechseln<\/td>\n<\/tr>\n<tr>\n<td class=\"contenttable2 contenttablecell1\">alle 10 Jahre<\/td>\n<td class=\"contenttable2 contenttablecell2\">Benzinleitungen erneuern<\/td>\n<\/tr>\n<\/tbody>\n<\/table>\n<p><b class=\"contentbold\"><u class=\"contentunderlined\">Leistung, Geschwindigkeit &amp; Reichweite <\/u><\/b><\/p>\n<table class=\"contenttable\" border=\"0\" summary=\"\" cellspacing=\"0\" cellpadding=\"0\">\n<tbody>\n<tr>\n<td class=\"contenttable2 contenttablecell1\">Leistung<\/td>\n<td class=\"contenttable2 contenttablecell2\">135 kW bei 9.500 U \/ min.<\/td>\n<\/tr>\n<tr>\n<td class=\"contenttable1 contenttablecell1\">Drehmoment<\/td>\n<td class=\"contenttable1 contenttablecell2\">146 Nm bei 7.200 U \/ min.<\/td>\n<\/tr>\n<tr>\n<td class=\"contenttable2 contenttablecell1\">H\u00f6chstgeschwindigkeit<\/td>\n<td class=\"contenttable2 contenttablecell2\">ca. 250 km \/ h elek. begrenzt<\/td>\n<\/tr>\n<tr>\n<td class=\"contenttable1 contenttablecell1\">Reichweite pro Tankf\u00fcllung<\/td>\n<td class=\"contenttable1 contenttablecell2\">ca. 230 km<\/td>\n<\/tr>\n<\/tbody>\n<\/table>\n","protected":false},"excerpt":{"rendered":"<p>Technische Daten B-King Motor &amp; Getriebe Motor DOHC wassergek\u00fchlt, 16 Ventile Zylinder 4 Bohrung 81 mm Hub 65 mm Hubraum 1340 ccm Verdichtung 12,5 : 1 Kraftstoffsystem Einspritzung 44 mm <a class=\"more-link\" href=\"https:\/\/bergischerbiker.de\/wordpress\/die-bikes\/suzuki-b-king\/technische-daten-b-king\/\">Weiterlesen\u00a0\u2026<\/a><\/p>\n","protected":false},"author":1,"featured_media":0,"parent":36,"menu_order":0,"comment_status":"closed","ping_status":"closed","template":"","meta":{"ngg_post_thumbnail":0,"footnotes":""},"class_list":["post-39","page","type-page","status-publish","hentry"],"_links":{"self":[{"href":"https:\/\/bergischerbiker.de\/wordpress\/wp-json\/wp\/v2\/pages\/39","targetHints":{"allow":["GET"]}}],"collection":[{"href":"https:\/\/bergischerbiker.de\/wordpress\/wp-json\/wp\/v2\/pages"}],"about":[{"href":"https:\/\/bergischerbiker.de\/wordpress\/wp-json\/wp\/v2\/types\/page"}],"author":[{"embeddable":true,"href":"https:\/\/bergischerbiker.de\/wordpress\/wp-json\/wp\/v2\/users\/1"}],"replies":[{"embeddable":true,"href":"https:\/\/bergischerbiker.de\/wordpress\/wp-json\/wp\/v2\/comments?post=39"}],"version-history":[{"count":1,"href":"https:\/\/bergischerbiker.de\/wordpress\/wp-json\/wp\/v2\/pages\/39\/revisions"}],"predecessor-version":[{"id":40,"href":"https:\/\/bergischerbiker.de\/wordpress\/wp-json\/wp\/v2\/pages\/39\/revisions\/40"}],"up":[{"embeddable":true,"href":"https:\/\/bergischerbiker.de\/wordpress\/wp-json\/wp\/v2\/pages\/36"}],"wp:attachment":[{"href":"https:\/\/bergischerbiker.de\/wordpress\/wp-json\/wp\/v2\/media?parent=39"}],"curies":[{"name":"wp","href":"https:\/\/api.w.org\/{rel}","templated":true}]}}