{"id":34,"date":"2017-12-04T17:44:16","date_gmt":"2017-12-04T16:44:16","guid":{"rendered":"http:\/\/bergischerbiker.de\/wordpress\/?page_id=34"},"modified":"2017-12-05T23:16:28","modified_gmt":"2017-12-05T22:16:28","slug":"suzuki-gsx-1400","status":"publish","type":"page","link":"https:\/\/bergischerbiker.de\/wordpress\/die-bikes\/suzuki-gsx-1400\/","title":{"rendered":"Suzuki GSX 1400"},"content":{"rendered":"<h1 id=\"a2\" class=\"heading1\">1402<\/h1>\n<p>1402&#8230;bedeutet, das es sich hier um den Hubraum st\u00e4rksten Serien Vierzylindermotor handelt, welcher jemals in einem Motorrad in Serie verbaut wurde !<br \/>\nBis heute nur von der sp\u00e4ter erschienenen Kawasaki ZZR 1400 geschlagen.<\/p>\n<p><img loading=\"lazy\" decoding=\"async\" class=\"alignnone size-medium wp-image-882\" src=\"https:\/\/bergischerbiker.de\/wordpress\/wp-content\/uploads\/2017\/12\/compxxxzz_PICT0027-300x225.jpg\" alt=\"\" width=\"300\" height=\"225\" srcset=\"https:\/\/bergischerbiker.de\/wordpress\/wp-content\/uploads\/2017\/12\/compxxxzz_PICT0027-300x225.jpg 300w, https:\/\/bergischerbiker.de\/wordpress\/wp-content\/uploads\/2017\/12\/compxxxzz_PICT0027-768x576.jpg 768w, https:\/\/bergischerbiker.de\/wordpress\/wp-content\/uploads\/2017\/12\/compxxxzz_PICT0027-200x150.jpg 200w, https:\/\/bergischerbiker.de\/wordpress\/wp-content\/uploads\/2017\/12\/compxxxzz_PICT0027.jpg 800w\" sizes=\"auto, (max-width: 300px) 100vw, 300px\" \/> <img loading=\"lazy\" decoding=\"async\" class=\"alignnone size-medium wp-image-881\" src=\"https:\/\/bergischerbiker.de\/wordpress\/wp-content\/uploads\/2017\/12\/compxxxzz_PICT0001-300x225.jpg\" alt=\"\" width=\"300\" height=\"225\" srcset=\"https:\/\/bergischerbiker.de\/wordpress\/wp-content\/uploads\/2017\/12\/compxxxzz_PICT0001-300x225.jpg 300w, https:\/\/bergischerbiker.de\/wordpress\/wp-content\/uploads\/2017\/12\/compxxxzz_PICT0001-768x576.jpg 768w, https:\/\/bergischerbiker.de\/wordpress\/wp-content\/uploads\/2017\/12\/compxxxzz_PICT0001-200x150.jpg 200w, https:\/\/bergischerbiker.de\/wordpress\/wp-content\/uploads\/2017\/12\/compxxxzz_PICT0001.jpg 800w\" sizes=\"auto, (max-width: 300px) 100vw, 300px\" \/><\/p>\n<p>Hubraum ist je bekanntlich durch nichts zu ersetzen, au\u00dfer durch noch viel mehr Hubraum.<br \/>\nDerartige \u00dcberlegungen m\u00f6gen anno 2003 mit ein Grund f\u00fcr den Erwerb dieser Maschine gewesen sein.<\/p>\n<p>Diverse Urlaube mit dem Bike (sowohl an der deutschen Ostsee-K\u00fcste, als auch in den&nbsp;<a class=\"link\" title=\"Externe Adresse &quot;http:\/\/de.wikipedia.org\/wiki\/Alpen&quot; aufrufen\" href=\"http:\/\/de.wikipedia.org\/wiki\/Alpen\" target=\"_blank\" rel=\"noopener\">Alpen<\/a>&nbsp;bis runter zum&nbsp;<a class=\"link\" title=\"Externe Adresse &quot;http:\/\/de.wikipedia.org\/wiki\/Gardasee&quot; aufrufen\" href=\"http:\/\/de.wikipedia.org\/wiki\/Gardasee\" target=\"_blank\" rel=\"noopener\">Gardasee<\/a>) best\u00e4tigten bisher immer wieder, das die 14er ein absolutes Universal Bike ist.<br \/>\nDer Tank ist ausreichend dimensioniert um selbst gr\u00f6\u00dfere Etappen ohne Tank Stopp zu \u00fcberwinden (ja nach Fahrweise sind gut und gerne mal bis zu 340 km m\u00f6glich).<br \/>\nDie Befestigungsm\u00f6glichkeiten auf dem Bike sind f\u00fcr gr\u00f6\u00dfere Mengen an Gep\u00e4ck ideal (<a class=\"link\" title=\"Externe Adresse &quot;http:\/\/de.wikipedia.org\/wiki\/Tankrucksack&quot; aufrufen\" href=\"http:\/\/de.wikipedia.org\/wiki\/Tankrucksack\" target=\"_blank\" rel=\"noopener\">Tankrucksack<\/a>, Soziusbag, Hecktr\u00e4ger und zur Not auch noch Seitentaschen).<\/p>\n<p><img loading=\"lazy\" decoding=\"async\" class=\"alignnone size-medium wp-image-861\" src=\"https:\/\/bergischerbiker.de\/wordpress\/wp-content\/uploads\/2017\/12\/compxxxzz_IMG_0786-300x200.jpg\" alt=\"\" width=\"300\" height=\"200\" srcset=\"https:\/\/bergischerbiker.de\/wordpress\/wp-content\/uploads\/2017\/12\/compxxxzz_IMG_0786-300x200.jpg 300w, https:\/\/bergischerbiker.de\/wordpress\/wp-content\/uploads\/2017\/12\/compxxxzz_IMG_0786-768x512.jpg 768w, https:\/\/bergischerbiker.de\/wordpress\/wp-content\/uploads\/2017\/12\/compxxxzz_IMG_0786-225x150.jpg 225w, https:\/\/bergischerbiker.de\/wordpress\/wp-content\/uploads\/2017\/12\/compxxxzz_IMG_0786.jpg 800w\" sizes=\"auto, (max-width: 300px) 100vw, 300px\" \/><\/p>\n<p>Ihr&nbsp;<a class=\"link\" title=\"Externe Adresse &quot;http:\/\/de.wikipedia.org\/wiki\/Fahrwerk&quot; aufrufen\" href=\"http:\/\/de.wikipedia.org\/wiki\/Fahrwerk\" target=\"_blank\" rel=\"noopener\">Fahrwerk<\/a>&nbsp;ist Werksseitig voll einstellbar und von sehr guter Qualit\u00e4t (ausgenommen sind hier die leider mitunter an \u00d6lverlust leidenden hinteren&nbsp;<a class=\"link\" title=\"Externe Adresse &quot;http:\/\/de.wikipedia.org\/wiki\/Sto\u00dfd\u00e4mpfer&quot; aufrufen\" href=\"http:\/\/de.wikipedia.org\/wiki\/Sto%C3%9Fd%C3%A4mpfer\" target=\"_blank\" rel=\"noopener\">Stossdaempfer<\/a>&nbsp;welche mit defekten Gummidichtringen in der Vorspannungseinheit negativ auffallen).<br \/>\nF\u00fcr die Sto\u00dfd\u00e4mpfer hinten gibt es aber im gsx1400forum.net eine Reparaturanleitung um die Federvorspannungseinheit instand zu setzen.<\/p>\n<p>Die Fahrleistungen der 14er sind hinreichend bekannt und aufgrund ihres gro\u00dfen Hubraumes hat sie auch ordentlich Druck aus dem Keller heraus (128 Nm Drehmoment sind eine Ansage).<br \/>\nWegen ihres g\u00fcnstigen Hubraum-Leistungs-Drehmoment Verh\u00e4ltnis ist sie durchaus in der Lage, auch mit aktuellen Power-Big-Bikes mitzuhalten.<br \/>\nVerschiedene Touren unter anderem mit der&nbsp;<a class=\"link\" title=\"Externe Adresse &quot;http:\/\/de.wikipedia.org\/wiki\/BMW K 1300 R&quot; aufrufen\" href=\"http:\/\/de.wikipedia.org\/wiki\/BMW%20K%201300%20R\" target=\"_blank\" rel=\"noopener\">BMW K 1300 R<\/a>&nbsp;oder der&nbsp;<a class=\"link\" title=\"Externe Adresse &quot;http:\/\/de.wikipedia.org\/wiki\/Suzuki B-King&quot; aufrufen\" href=\"http:\/\/de.wikipedia.org\/wiki\/Suzuki%20B-King\" target=\"_blank\" rel=\"noopener\">Suzuki B-King<\/a>&nbsp;zeigten zwar das die 14er auf der geraden beim beschleunigen wegen ihrer vergleichsweise zahmen 106 PS nicht dranbleiben kann, aber beim beschleunigen aus der Kurve heraus immer noch das Ma\u00df der Dinge ist (Drehmoment Power).<\/p>\n<p><img loading=\"lazy\" decoding=\"async\" class=\"alignnone size-medium wp-image-876\" src=\"https:\/\/bergischerbiker.de\/wordpress\/wp-content\/uploads\/2017\/12\/compxxxzz_IMG_5004-300x200.jpg\" alt=\"\" width=\"300\" height=\"200\" srcset=\"https:\/\/bergischerbiker.de\/wordpress\/wp-content\/uploads\/2017\/12\/compxxxzz_IMG_5004-300x200.jpg 300w, https:\/\/bergischerbiker.de\/wordpress\/wp-content\/uploads\/2017\/12\/compxxxzz_IMG_5004-768x512.jpg 768w, https:\/\/bergischerbiker.de\/wordpress\/wp-content\/uploads\/2017\/12\/compxxxzz_IMG_5004-225x150.jpg 225w, https:\/\/bergischerbiker.de\/wordpress\/wp-content\/uploads\/2017\/12\/compxxxzz_IMG_5004.jpg 800w\" sizes=\"auto, (max-width: 300px) 100vw, 300px\" \/><\/p>\n","protected":false},"excerpt":{"rendered":"<p>1402 1402&#8230;bedeutet, das es sich hier um den Hubraum st\u00e4rksten Serien Vierzylindermotor handelt, welcher jemals in einem Motorrad in Serie verbaut wurde ! Bis heute nur von der sp\u00e4ter erschienenen <a class=\"more-link\" href=\"https:\/\/bergischerbiker.de\/wordpress\/die-bikes\/suzuki-gsx-1400\/\">Weiterlesen\u00a0\u2026<\/a><\/p>\n","protected":false},"author":1,"featured_media":0,"parent":30,"menu_order":0,"comment_status":"open","ping_status":"closed","template":"","meta":{"ngg_post_thumbnail":0,"footnotes":""},"class_list":["post-34","page","type-page","status-publish","hentry"],"_links":{"self":[{"href":"https:\/\/bergischerbiker.de\/wordpress\/wp-json\/wp\/v2\/pages\/34","targetHints":{"allow":["GET"]}}],"collection":[{"href":"https:\/\/bergischerbiker.de\/wordpress\/wp-json\/wp\/v2\/pages"}],"about":[{"href":"https:\/\/bergischerbiker.de\/wordpress\/wp-json\/wp\/v2\/types\/page"}],"author":[{"embeddable":true,"href":"https:\/\/bergischerbiker.de\/wordpress\/wp-json\/wp\/v2\/users\/1"}],"replies":[{"embeddable":true,"href":"https:\/\/bergischerbiker.de\/wordpress\/wp-json\/wp\/v2\/comments?post=34"}],"version-history":[{"count":3,"href":"https:\/\/bergischerbiker.de\/wordpress\/wp-json\/wp\/v2\/pages\/34\/revisions"}],"predecessor-version":[{"id":935,"href":"https:\/\/bergischerbiker.de\/wordpress\/wp-json\/wp\/v2\/pages\/34\/revisions\/935"}],"up":[{"embeddable":true,"href":"https:\/\/bergischerbiker.de\/wordpress\/wp-json\/wp\/v2\/pages\/30"}],"wp:attachment":[{"href":"https:\/\/bergischerbiker.de\/wordpress\/wp-json\/wp\/v2\/media?parent=34"}],"curies":[{"name":"wp","href":"https:\/\/api.w.org\/{rel}","templated":true}]}}