{"id":30,"date":"2017-12-04T17:24:36","date_gmt":"2017-12-04T16:24:36","guid":{"rendered":"http:\/\/bergischerbiker.de\/wordpress\/?page_id=30"},"modified":"2017-12-06T00:13:40","modified_gmt":"2017-12-05T23:13:40","slug":"die-bikes","status":"publish","type":"page","link":"https:\/\/bergischerbiker.de\/wordpress\/die-bikes\/","title":{"rendered":"die Bikes"},"content":{"rendered":"<p>An dieser Stelle m\u00f6chte ich euch meine Bikes (ehemalige und aktuelle) pr\u00e4sentieren.<\/p>\n<p>Die Auswahl ist \u00fcberschaubar und da ich recht markentreu bin, ist das ganze hier auch ziemlich Suzuki lastig&#8230;<\/p>\n<p>Im gro\u00dfen und ganzen l\u00e4sst sich das wie folgt einteilen:<\/p>\n<ol>\n<li><a href=\"https:\/\/bergischerbiker.de\/wordpress\/die-bikes\/suzuki-xf650-freewind\/\">Suzuki XF650 Freewind<\/a> (von 2000 &#8211; 2003)<\/li>\n<li><a href=\"https:\/\/bergischerbiker.de\/wordpress\/die-bikes\/suzuki-gsx-1400\/\">Suzuki GSX 1400<\/a> (von 2003 &#8211; heute)<\/li>\n<li><a href=\"https:\/\/bergischerbiker.de\/wordpress\/die-bikes\/suzuki-b-king\/\">Suzuki B-King<\/a> (von 2014 &#8211; heute)<\/li>\n<\/ol>\n<p>&nbsp;<\/p>\n<p>Im folgenden m\u00f6chte ich mal erl\u00e4utern, wie ich zu den jeweiligen Bikes gekommen bin.<\/p>\n<p>&nbsp;<\/p>\n<p><b class=\"contentbold\"><u class=\"contentunderlined\">Suzuki XF 650 Freewind (J10) von 2000-2003<\/u><\/b><br \/>\nMeine erste Maschine war eine&nbsp;<a class=\"link\" title=\"Externe Adresse &quot;http:\/\/de.wikipedia.org\/wiki\/Suzuki XF 650 Freewind&quot; aufrufen\" href=\"http:\/\/de.wikipedia.org\/wiki\/Suzuki%20XF%20650%20Freewind\" target=\"_blank\" rel=\"noopener\">Suzuki XF 650 Freewind<\/a>.<br \/>\nMit dem Motorrad habe ich meine ersten Kilometer nach der bestandenen&nbsp;<a class=\"link\" title=\"Externe Adresse &quot;http:\/\/de.wikipedia.org\/wiki\/F\u00fchrerscheinpr\u00fcfung&quot; aufrufen\" href=\"http:\/\/de.wikipedia.org\/wiki\/F%C3%BChrerscheinpr%C3%BCfung\" target=\"_blank\" rel=\"noopener\">Fuehrerscheinpruefung<\/a>&nbsp;gedreht.<br \/>\nDie Freewind war ein sch\u00f6nes Motorrad welches besonders f\u00fcr Fahranf\u00e4nger zu empfehlen ist.<br \/>\nNach und nach stiegen aber die Anspr\u00fcche was haupts\u00e4chlich die Fahrleistungen anging.<\/p>\n<p>&nbsp;<\/p>\n<p><b class=\"contentbold\"><u class=\"contentunderlined\">Suzuki GSX 1400 (K3) seit 2003<\/u><\/b><br \/>\nIm Juli 2003 war dann Schluss mit Freewind fahren und meine 2. Maschine wurde anstelle der Freewind angemeldet.<br \/>\nAuf die GSX 1400 bin ich eigentlich durch Zufall gekommen. Es war Anfang 2003, als eine Motorradzeitschrift einen Vergleichstest der &#8222;gro\u00dfen&#8220; Nackten (<a class=\"link\" title=\"Externe Adresse &quot;http:\/\/de.wikipedia.org\/wiki\/Honda CB 1300&quot; aufrufen\" href=\"http:\/\/de.wikipedia.org\/wiki\/Honda%20CB%201300\" target=\"_blank\" rel=\"noopener\">Honda CB 1300<\/a>,&nbsp;<a class=\"link\" title=\"Externe Adresse &quot;http:\/\/de.wikipedia.org\/wiki\/Yamaha XJR&quot; aufrufen\" href=\"http:\/\/de.wikipedia.org\/wiki\/Yamaha%20XJR\" target=\"_blank\" rel=\"noopener\">Yamaha XJR<\/a>&nbsp;1300 und Suzuki GSX 1400) gemacht hat.<br \/>\nDie CB 1300 und auch die Yamaha XJR 1300 waren nicht so mein Fall (CB1300 fand ich optisch nicht so ansprechend und bei der XJR war die damals veraltete Technik das K.O. Kriterium).<br \/>\nSo sollte es eben eine GSX 1400 werden, denn die gefiel mir sowohl von der Optik her, als auch vom ganzen drum und dran (moderner 4 Zylinder Motor,&nbsp;<a class=\"link\" title=\"Externe Adresse &quot;http:\/\/de.wikipedia.org\/wiki\/Einspritzanlage&quot; aufrufen\" href=\"http:\/\/de.wikipedia.org\/wiki\/Einspritzanlage\" target=\"_blank\" rel=\"noopener\">Einspritzanlage<\/a>, voll einstellbares Fahrwerk, usw.).<\/p>\n<p>Mittlerweile habe ich die GSX schon \u00fcber 10 Jahre und mit ihr schon mehr als 70.000 km unter die R\u00e4der gebracht.<br \/>\n\u00dcber die Jahre hinweg sind diverse Umbauten vorgenommen worden.<br \/>\nUnter anderem eine \u00c4nderung des Sekund\u00e4rantriebs auf Zahnriemen, WP Sto\u00dfd\u00e4mpfer hinten, Superbikelenker, Gabelstabilisator, Edelstahlabgasanlage, kompletter Sitzbankumbau, LED R\u00fccklicht und Blinker, Bugspoiler (welcher allerdings einmal im Jahr gespachtelt und neu lackiert werden muss), Hinterradabdeckung, diverse Alu Fr\u00e4steile und einen kompletten Tacho Umbau (gefr\u00e4ste Tachoscheiben, ge\u00e4nderte Hintergrundbeleuchtung).<\/p>\n<p>&nbsp;<\/p>\n<p><b class=\"contentbold\"><u class=\"contentunderlined\">Suzuki GSX1300BK B-King (K8) seit 2014<\/u><\/b><br \/>\nNach so langer Zeit mit der 14er stand der Wunsch im Raum, mal etwas anderes zu fahren.<br \/>\nOk, dass war keine spontane Entscheidung, sondern der Gedanke stand seit 2010 im Raum (in jenem Jahr verreckte bei meiner 14er im Alpenurlaub die&nbsp;<a class=\"link\" title=\"Externe Adresse &quot;http:\/\/de.wikipedia.org\/wiki\/Lichtmaschine&quot; aufrufen\" href=\"http:\/\/de.wikipedia.org\/wiki\/Lichtmaschine\" target=\"_blank\" rel=\"noopener\">Lichtmaschine<\/a>&nbsp;und ich konnte 3 Tage wandern gehen, bis&nbsp;<a class=\"link\" title=\"Externe Adresse &quot;http:\/\/de.wikipedia.org\/wiki\/Suzuki&quot; aufrufen\" href=\"http:\/\/de.wikipedia.org\/wiki\/Suzuki\" target=\"_blank\" rel=\"noopener\">Suzuki<\/a>&nbsp;in Meran die bestellte&nbsp;<a class=\"link\" title=\"Externe Adresse &quot;http:\/\/de.wikipedia.org\/wiki\/Lichtmaschine&quot; aufrufen\" href=\"http:\/\/de.wikipedia.org\/wiki\/Lichtmaschine\" target=\"_blank\" rel=\"noopener\">Lichtmaschine<\/a>&nbsp;einbauen konnte).<br \/>\nDas es schlie\u00dflich eine&nbsp;<a class=\"link\" title=\"Externe Adresse &quot;http:\/\/de.wikipedia.org\/wiki\/B-King&quot; aufrufen\" href=\"http:\/\/de.wikipedia.org\/wiki\/B-King\" target=\"_blank\" rel=\"noopener\">B-King<\/a>&nbsp;wurde, ist eine ganz spezielle Geschichte&#8230;<\/p>\n<p>Den ersten Kontakt mit dieser Maschine hatte ich 2005 bei der Saisoner\u00f6ffnung von Suzuki Plus in&nbsp;<a class=\"link\" title=\"Externe Adresse &quot;http:\/\/de.wikipedia.org\/wiki\/Nordhorn&quot; aufrufen\" href=\"http:\/\/de.wikipedia.org\/wiki\/Nordhorn\" target=\"_blank\" rel=\"noopener\">Nordhorn<\/a>.<br \/>\nJener H\u00e4ndler hat sich unter anderem auf&nbsp;<a class=\"link\" title=\"Externe Adresse &quot;http:\/\/de.wikipedia.org\/wiki\/Hayabusa&quot; aufrufen\" href=\"http:\/\/de.wikipedia.org\/wiki\/Hayabusa\" target=\"_blank\" rel=\"noopener\">Hayabusa<\/a>&nbsp;Umbauten spezialisiert und demzufolge stand im Ladengesch\u00e4ft auch eine&nbsp;<a class=\"link\" title=\"Externe Adresse &quot;http:\/\/de.wikipedia.org\/wiki\/Hayabusa&quot; aufrufen\" href=\"http:\/\/de.wikipedia.org\/wiki\/Hayabusa\" target=\"_blank\" rel=\"noopener\">Hayabusa<\/a>, welche zur&nbsp;<a class=\"link\" title=\"Externe Adresse &quot;http:\/\/de.wikipedia.org\/wiki\/B-King&quot; aufrufen\" href=\"http:\/\/de.wikipedia.org\/wiki\/B-King\" target=\"_blank\" rel=\"noopener\">B-King<\/a>&nbsp;umgebaut wurde.<br \/>\nDieser Umbau kam bzw. kommt der Studie von&nbsp;<a class=\"link\" title=\"Externe Adresse &quot;http:\/\/de.wikipedia.org\/wiki\/Suzuki&quot; aufrufen\" href=\"http:\/\/de.wikipedia.org\/wiki\/Suzuki\" target=\"_blank\" rel=\"noopener\">Suzuki<\/a>&nbsp;deutlich n\u00e4her als das fertige Serienprodukt der&nbsp;<a class=\"link\" title=\"Externe Adresse &quot;http:\/\/de.wikipedia.org\/wiki\/B-King&quot; aufrufen\" href=\"http:\/\/de.wikipedia.org\/wiki\/B-King\" target=\"_blank\" rel=\"noopener\">B-King<\/a>&nbsp;(sowohl in Optik als auch in der Leistung).<br \/>\nDamals wurde das Teil noch staunend bewundert (mehr auch nicht, denn eine Serien&nbsp;<a class=\"link\" title=\"Externe Adresse &quot;http:\/\/de.wikipedia.org\/wiki\/B-King&quot; aufrufen\" href=\"http:\/\/de.wikipedia.org\/wiki\/B-King\" target=\"_blank\" rel=\"noopener\">B-King<\/a>&nbsp;von&nbsp;<a class=\"link\" title=\"Externe Adresse &quot;http:\/\/de.wikipedia.org\/wiki\/Suzuki&quot; aufrufen\" href=\"http:\/\/de.wikipedia.org\/wiki\/Suzuki\" target=\"_blank\" rel=\"noopener\">Suzuki<\/a>&nbsp;gab es nicht und der Umbau war exorbitant teuer und man musste sich auch erst noch ne&nbsp;<a class=\"link\" title=\"Externe Adresse &quot;http:\/\/de.wikipedia.org\/wiki\/Hayabusa&quot; aufrufen\" href=\"http:\/\/de.wikipedia.org\/wiki\/Hayabusa\" target=\"_blank\" rel=\"noopener\">Hayabusa<\/a>&nbsp;kaufen&#8230;).<br \/>\nBei der&nbsp;<a class=\"link\" title=\"Externe Adresse &quot;http:\/\/de.wikipedia.org\/wiki\/B-King&quot; aufrufen\" href=\"http:\/\/de.wikipedia.org\/wiki\/B-King\" target=\"_blank\" rel=\"noopener\">B-King<\/a>&nbsp;gibt es ja grunds\u00e4tzlich 2 Lager !<br \/>\nEntweder man findet sie geil, oder man hasst die Optik wie die Pest !<br \/>\n&#8230;ich fand sie nie so schlecht wie sie immer geredet wurde (die Optik nat\u00fcrlich).<br \/>\nEine erste Serien-<a class=\"link\" title=\"Externe Adresse &quot;http:\/\/de.wikipedia.org\/wiki\/B-King&quot; aufrufen\" href=\"http:\/\/de.wikipedia.org\/wiki\/B-King\" target=\"_blank\" rel=\"noopener\">B-King<\/a>&nbsp;konnte ich 2006 auf der&nbsp;<a class=\"link\" title=\"Externe Adresse &quot;http:\/\/de.wikipedia.org\/wiki\/Intermot&quot; aufrufen\" href=\"http:\/\/de.wikipedia.org\/wiki\/Intermot\" target=\"_blank\" rel=\"noopener\">Intermot<\/a>&nbsp;in K\u00f6ln sehen.<br \/>\nDamals noch in der schwarz\/silbernen Ausf\u00fchrung (eben der Studie entsprechend).<br \/>\nEinen n\u00e4chsten Kontakt hatte ich dann 2007 am Cafe Hubraum in&nbsp;<a class=\"link\" title=\"Externe Adresse &quot;http:\/\/de.wikipedia.org\/wiki\/Solingen&quot; aufrufen\" href=\"http:\/\/de.wikipedia.org\/wiki\/Solingen\" target=\"_blank\" rel=\"noopener\">Solingen<\/a>.<br \/>\nDort stand eine \u201eWerbe-\/Vorf\u00fchrmaschine\u201c mit Werbeaufklebern des \u00f6rtlichen Suzuki-H\u00e4ndlers.<br \/>\nDa konnte man dann mal etwas n\u00e4her hinsehen und mal \u201eanfassen\u201c.<br \/>\nEs sollten nach dieser \u201eBegegnung\u201c etwa 5 Jahre vergehen, bis \u2026<br \/>\n&#8230;die IG GSX 1400 anno 2012 bei den European Suzuki Days teilgenommen hat.<br \/>\nUnter anderem war dort auch das&nbsp;<a class=\"link\" title=\"Externe Adresse &quot;http:\/\/de.wikipedia.org\/wiki\/B-King&quot; aufrufen\" href=\"http:\/\/de.wikipedia.org\/wiki\/B-King\" target=\"_blank\" rel=\"noopener\">B-King<\/a>&nbsp;Forum anwesend (und ca. 20 Kings).<br \/>\n2013 dann wieder das gleiche Spiel (European Suzuki Days) und auch das wieder reichlich Kings in allen m\u00f6glichen Umbaustufen anwesend.<br \/>\nEnde August wurde ich dann von Suzuki zu einer \u201eClubtour\u201c in die&nbsp;<a class=\"link\" title=\"Externe Adresse &quot;http:\/\/de.wikipedia.org\/wiki\/Rhoen&quot; aufrufen\" href=\"http:\/\/de.wikipedia.org\/wiki\/Rhoen\" target=\"_blank\" rel=\"noopener\">Rhoen<\/a>&nbsp;eingeladen (zusammen mit den anderen Club und Forenbetreibern aus Deutschland).<br \/>\nAuf dieser Clubtour hatte ich dann die Gelegenheit mal eine B-King in freier Wildbahn und im direkten Vergleich zu meiner 14er zu erleben.<br \/>\nUnvergessen bleibt mir da die R\u00fcckfahrt \u00fcber die A3 nach dem Wochenende hinter&nbsp;<a class=\"link\" title=\"Externe Adresse &quot;http:\/\/de.wikipedia.org\/wiki\/Alexander_Jolig&quot; aufrufen\" href=\"http:\/\/de.wikipedia.org\/wiki\/Alexander_Jolig\" target=\"_blank\" rel=\"noopener\">Alex<\/a>&nbsp;(Clubpr\u00e4si JaJaUma-Club von&nbsp;<a class=\"link\" title=\"Externe Adresse &quot;http:\/\/de.wikipedia.org\/wiki\/Suzuki&quot; aufrufen\" href=\"http:\/\/de.wikipedia.org\/wiki\/Suzuki\" target=\"_blank\" rel=\"noopener\">Suzuki<\/a>) und seiner&nbsp;<a class=\"link\" title=\"Externe Adresse &quot;http:\/\/de.wikipedia.org\/wiki\/B-King&quot; aufrufen\" href=\"http:\/\/de.wikipedia.org\/wiki\/B-King\" target=\"_blank\" rel=\"noopener\">B-King<\/a>.<br \/>\nW\u00e4hrend ich bei meiner 14er den letzten Saft aus den Brennr\u00e4umen jenseits der 200 gepresst hatte, fuhr der locker aufrecht im Wind (nat\u00fcrlich ohne Scheibe) vorweg und hatte noch deutliche Leistungsreserven.<br \/>\nSp\u00e4testens da war mir klar welches mein n\u00e4chstes Bike wird !<br \/>\nAuf der Messe in&nbsp;<a class=\"link\" title=\"Externe Adresse &quot;http:\/\/de.wikipedia.org\/wiki\/Dortmund&quot; aufrufen\" href=\"http:\/\/de.wikipedia.org\/wiki\/Dortmund\" target=\"_blank\" rel=\"noopener\">Dortmund<\/a>&nbsp;(Motorr\u00e4der Dortmund) im M\u00e4rz 2014 bin ich dann mal r\u00fcber an den Stand der&nbsp;<a class=\"link\" title=\"Externe Adresse &quot;http:\/\/de.wikipedia.org\/wiki\/B-King&quot; aufrufen\" href=\"http:\/\/de.wikipedia.org\/wiki\/B-King\" target=\"_blank\" rel=\"noopener\">B-King<\/a>&nbsp;Jungs (und M\u00e4del(s)) um ein paar letzte Fragen zu kl\u00e4ren.<br \/>\nSeit Mitte Mai steht sie nun bei mir in der Garage und teilt sich selbige mit der 14er (und die bleibt bis zum letzten Kolbenhub !).<\/p>\n<p>\u00dcbrigens vom Vorsatz das ich an der&nbsp;<a class=\"link\" title=\"Externe Adresse &quot;http:\/\/de.wikipedia.org\/wiki\/B-King&quot; aufrufen\" href=\"http:\/\/de.wikipedia.org\/wiki\/B-King\" target=\"_blank\" rel=\"noopener\">B-King<\/a>&nbsp;eigentlich nix umbauen m\u00f6chte, ist nicht viel geblieben.<br \/>\nBereits im ersten Monat nach dem Kauf hatte ich mehr umgebaut als in den ersten 4 Jahren bei der 14er \ud83d\ude00<\/p>\n","protected":false},"excerpt":{"rendered":"<p>An dieser Stelle m\u00f6chte ich euch meine Bikes (ehemalige und aktuelle) pr\u00e4sentieren. Die Auswahl ist \u00fcberschaubar und da ich recht markentreu bin, ist das ganze hier auch ziemlich Suzuki lastig&#8230; <a class=\"more-link\" href=\"https:\/\/bergischerbiker.de\/wordpress\/die-bikes\/\">Weiterlesen\u00a0\u2026<\/a><\/p>\n","protected":false},"author":1,"featured_media":0,"parent":0,"menu_order":0,"comment_status":"closed","ping_status":"closed","template":"","meta":{"ngg_post_thumbnail":0,"footnotes":""},"class_list":["post-30","page","type-page","status-publish","hentry"],"_links":{"self":[{"href":"https:\/\/bergischerbiker.de\/wordpress\/wp-json\/wp\/v2\/pages\/30","targetHints":{"allow":["GET"]}}],"collection":[{"href":"https:\/\/bergischerbiker.de\/wordpress\/wp-json\/wp\/v2\/pages"}],"about":[{"href":"https:\/\/bergischerbiker.de\/wordpress\/wp-json\/wp\/v2\/types\/page"}],"author":[{"embeddable":true,"href":"https:\/\/bergischerbiker.de\/wordpress\/wp-json\/wp\/v2\/users\/1"}],"replies":[{"embeddable":true,"href":"https:\/\/bergischerbiker.de\/wordpress\/wp-json\/wp\/v2\/comments?post=30"}],"version-history":[{"count":3,"href":"https:\/\/bergischerbiker.de\/wordpress\/wp-json\/wp\/v2\/pages\/30\/revisions"}],"predecessor-version":[{"id":944,"href":"https:\/\/bergischerbiker.de\/wordpress\/wp-json\/wp\/v2\/pages\/30\/revisions\/944"}],"wp:attachment":[{"href":"https:\/\/bergischerbiker.de\/wordpress\/wp-json\/wp\/v2\/media?parent=30"}],"curies":[{"name":"wp","href":"https:\/\/api.w.org\/{rel}","templated":true}]}}