{"id":1990,"date":"2021-02-18T21:30:13","date_gmt":"2021-02-18T20:30:13","guid":{"rendered":"https:\/\/bergischerbiker.de\/wordpress\/?page_id=1990"},"modified":"2021-02-18T21:33:51","modified_gmt":"2021-02-18T20:33:51","slug":"videos","status":"publish","type":"page","link":"https:\/\/bergischerbiker.de\/wordpress\/videos\/","title":{"rendered":"Videos"},"content":{"rendered":"\n<p>Hier geht es zu den Videos auf bergischerbiker.de<\/p>\n\n\n\n<p>Wegen der Gr\u00f6\u00dfe der Dateien und der Verf\u00fcgbarkeit nat\u00fcrlich nach youtube ausgelagert.<\/p>\n\n\n\n<p><a rel=\"noreferrer noopener\" href=\"https:\/\/www.youtube.com\/channel\/UCOupN4f7tiDsRqJVgrjMFKg\" target=\"_blank\"><strong>zum youtube Kanal von bergischerbiker.de<\/strong><\/a><br>(<em>\u00f6ffnet im neuen Fenster \/ Tab<\/em>)<\/p>\n","protected":false},"excerpt":{"rendered":"<p>Hier geht es zu den Videos auf bergischerbiker.de Wegen der Gr\u00f6\u00dfe der Dateien und der Verf\u00fcgbarkeit nat\u00fcrlich nach youtube ausgelagert. zum youtube Kanal von bergischerbiker.de(\u00f6ffnet im neuen Fenster \/ Tab)<\/p>\n","protected":false},"author":1,"featured_media":0,"parent":0,"menu_order":0,"comment_status":"open","ping_status":"closed","template":"","meta":{"ngg_post_thumbnail":0,"footnotes":""},"class_list":["post-1990","page","type-page","status-publish","hentry"],"_links":{"self":[{"href":"https:\/\/bergischerbiker.de\/wordpress\/wp-json\/wp\/v2\/pages\/1990","targetHints":{"allow":["GET"]}}],"collection":[{"href":"https:\/\/bergischerbiker.de\/wordpress\/wp-json\/wp\/v2\/pages"}],"about":[{"href":"https:\/\/bergischerbiker.de\/wordpress\/wp-json\/wp\/v2\/types\/page"}],"author":[{"embeddable":true,"href":"https:\/\/bergischerbiker.de\/wordpress\/wp-json\/wp\/v2\/users\/1"}],"replies":[{"embeddable":true,"href":"https:\/\/bergischerbiker.de\/wordpress\/wp-json\/wp\/v2\/comments?post=1990"}],"version-history":[{"count":2,"href":"https:\/\/bergischerbiker.de\/wordpress\/wp-json\/wp\/v2\/pages\/1990\/revisions"}],"predecessor-version":[{"id":1993,"href":"https:\/\/bergischerbiker.de\/wordpress\/wp-json\/wp\/v2\/pages\/1990\/revisions\/1993"}],"wp:attachment":[{"href":"https:\/\/bergischerbiker.de\/wordpress\/wp-json\/wp\/v2\/media?parent=1990"}],"curies":[{"name":"wp","href":"https:\/\/api.w.org\/{rel}","templated":true}]}}