{"id":1948,"date":"2020-12-31T12:34:30","date_gmt":"2020-12-31T11:34:30","guid":{"rendered":"https:\/\/bergischerbiker.de\/wordpress\/?page_id=1948"},"modified":"2020-12-31T14:38:43","modified_gmt":"2020-12-31T13:38:43","slug":"daten-anforden","status":"publish","type":"page","link":"https:\/\/bergischerbiker.de\/wordpress\/daten-anforden\/","title":{"rendered":"Daten anfordern"},"content":{"rendered":"\n<p>\u00dcber das folgende Formular k\u00f6nnen sie die \u00fcber sie gespeicherten Daten abrufen und sich per Email zusenden lassen.<br>Die Bearbeitung dieser Anfrage erfolgt i.d.R. zeitnah.<\/p>\n\n\n\n<p>[sar_form]<\/p>\n\n\n\n<p><\/p>\n\n\n\n<p>Unter dem folgenden Link gelangen sie zu einem Formular, mit welchem sie eine L\u00f6schung der \u00fcber sie gespeicherten pers\u00f6nlichen Daten beantragen k\u00f6nnen.<br><a href=\"https:\/\/bergischerbiker.de\/wordpress\/loeschanfrage\/\" data-type=\"page\" data-id=\"1937\">L\u00f6schanfrage<\/a><\/p>\n","protected":false},"excerpt":{"rendered":"<p>\u00dcber das folgende Formular k\u00f6nnen sie die \u00fcber sie gespeicherten Daten abrufen und sich per Email zusenden lassen.Die Bearbeitung dieser Anfrage erfolgt i.d.R. zeitnah. [sar_form] Unter dem folgenden Link gelangen <a class=\"more-link\" href=\"https:\/\/bergischerbiker.de\/wordpress\/daten-anforden\/\">Weiterlesen\u00a0\u2026<\/a><\/p>\n","protected":false},"author":1,"featured_media":0,"parent":0,"menu_order":0,"comment_status":"closed","ping_status":"closed","template":"","meta":{"ngg_post_thumbnail":0,"footnotes":""},"class_list":["post-1948","page","type-page","status-publish","hentry"],"_links":{"self":[{"href":"https:\/\/bergischerbiker.de\/wordpress\/wp-json\/wp\/v2\/pages\/1948","targetHints":{"allow":["GET"]}}],"collection":[{"href":"https:\/\/bergischerbiker.de\/wordpress\/wp-json\/wp\/v2\/pages"}],"about":[{"href":"https:\/\/bergischerbiker.de\/wordpress\/wp-json\/wp\/v2\/types\/page"}],"author":[{"embeddable":true,"href":"https:\/\/bergischerbiker.de\/wordpress\/wp-json\/wp\/v2\/users\/1"}],"replies":[{"embeddable":true,"href":"https:\/\/bergischerbiker.de\/wordpress\/wp-json\/wp\/v2\/comments?post=1948"}],"version-history":[{"count":5,"href":"https:\/\/bergischerbiker.de\/wordpress\/wp-json\/wp\/v2\/pages\/1948\/revisions"}],"predecessor-version":[{"id":1968,"href":"https:\/\/bergischerbiker.de\/wordpress\/wp-json\/wp\/v2\/pages\/1948\/revisions\/1968"}],"wp:attachment":[{"href":"https:\/\/bergischerbiker.de\/wordpress\/wp-json\/wp\/v2\/media?parent=1948"}],"curies":[{"name":"wp","href":"https:\/\/api.w.org\/{rel}","templated":true}]}}