{"id":1937,"date":"2020-12-31T12:23:36","date_gmt":"2020-12-31T11:23:36","guid":{"rendered":"https:\/\/bergischerbiker.de\/wordpress\/?page_id=1937"},"modified":"2020-12-31T14:40:58","modified_gmt":"2020-12-31T13:40:58","slug":"loeschanfrage","status":"publish","type":"page","link":"https:\/\/bergischerbiker.de\/wordpress\/loeschanfrage\/","title":{"rendered":"L\u00f6schanfrage"},"content":{"rendered":"\n<p>\u00dcber das folgende Formular k\u00f6nnen sie die L\u00f6schung der \u00fcber sie gespeicherten pers\u00f6nlichen Daten beantragen.<\/p>\n\n\n<p>[unsubscribe_form]<\/p>\n\n\n\n<p><\/p>\n","protected":false},"excerpt":{"rendered":"<p>\u00dcber das folgende Formular k\u00f6nnen sie die L\u00f6schung der \u00fcber sie gespeicherten pers\u00f6nlichen Daten beantragen.<\/p>\n","protected":false},"author":1,"featured_media":0,"parent":0,"menu_order":0,"comment_status":"closed","ping_status":"closed","template":"","meta":{"ngg_post_thumbnail":0,"footnotes":""},"class_list":["post-1937","page","type-page","status-publish","hentry"],"_links":{"self":[{"href":"https:\/\/bergischerbiker.de\/wordpress\/wp-json\/wp\/v2\/pages\/1937","targetHints":{"allow":["GET"]}}],"collection":[{"href":"https:\/\/bergischerbiker.de\/wordpress\/wp-json\/wp\/v2\/pages"}],"about":[{"href":"https:\/\/bergischerbiker.de\/wordpress\/wp-json\/wp\/v2\/types\/page"}],"author":[{"embeddable":true,"href":"https:\/\/bergischerbiker.de\/wordpress\/wp-json\/wp\/v2\/users\/1"}],"replies":[{"embeddable":true,"href":"https:\/\/bergischerbiker.de\/wordpress\/wp-json\/wp\/v2\/comments?post=1937"}],"version-history":[{"count":2,"href":"https:\/\/bergischerbiker.de\/wordpress\/wp-json\/wp\/v2\/pages\/1937\/revisions"}],"predecessor-version":[{"id":1970,"href":"https:\/\/bergischerbiker.de\/wordpress\/wp-json\/wp\/v2\/pages\/1937\/revisions\/1970"}],"wp:attachment":[{"href":"https:\/\/bergischerbiker.de\/wordpress\/wp-json\/wp\/v2\/media?parent=1937"}],"curies":[{"name":"wp","href":"https:\/\/api.w.org\/{rel}","templated":true}]}}