{"id":11,"date":"2017-12-04T16:35:06","date_gmt":"2017-12-04T15:35:06","guid":{"rendered":"http:\/\/bergischerbiker.de\/wordpress\/?page_id=11"},"modified":"2017-12-05T23:08:38","modified_gmt":"2017-12-05T22:08:38","slug":"cookie-richtlinie","status":"publish","type":"page","link":"https:\/\/bergischerbiker.de\/wordpress\/impressum\/cookie-richtlinie\/","title":{"rendered":"Cookie Richtlinie"},"content":{"rendered":"<h1 id=\"a2\" class=\"heading1\">Cookie Richtlinie<\/h1>\n<p>WIE VERWENDEN WIR COOKIES AUF DIESER SEITE ?<br \/>\nWir verwenden auf bergischerbiker.de Dateien, auch bekannt als Cookies, um die Performance zu steigern und Deine Handhabung mit unseren Diensten zu erleichtern. Mit Verwendung der bereitgestellten Dienste auf bergischerbiker.de akzeptierst Du, dass wir verschiedene Arten von Cookies auf deinem Ger\u00e4t speichern k\u00f6nnen.<\/p>\n<p>WAS SIND COOKIES ?<br \/>\nCookies sind kleine Text-Dateien, die eine Webseite auf deinem Computer oder mobilen Ger\u00e4t ablegen kann, wenn Du das erste Mal die Website oder eine Ihrer Seiten aufrufst.<\/p>\n<p>Es gibt eine Menge Funktionen, die ein Cookie unterst\u00fctzen kann. Zum Beispiel kann ein Cookie dabei helfen, Dein Ger\u00e4t f\u00fcr diese oder andere Webseiten zu identifizieren, wenn Du die Seite das n\u00e4chste Mal \u00f6ffnest. bergischerbiker.de verwendet den Ausdruck &#8222;Cookies&#8220; in dieser Richtlinie f\u00fcr alle Dateien, die Informationen in dieser Weise speichern.<\/p>\n<p>Einzelne Cookies k\u00f6nnen pers\u00f6nliche Informationen beinhalten. Die meisten Cookies speichern dagegen keine pers\u00f6nlichen Information, die R\u00fcckschl\u00fcsse \u00fcber Dich zulassen, speichern aber weitere generelle Informationen wie Du zum Beispiel auf zu bergischerbiker.de, gekommen bist oder der generelle Standort des Benutzer-Anschlusses (IP-Adresse).<\/p>\n<p>WELCHE ARTEN VON COOKIES WERDEN AUF BERGISCHERBIKER.DE VERWENDET ?<br \/>\nCookies k\u00f6nnen unterschiedliche Funktionen darstellen:<\/p>\n<p>1. Notwendige Cookies<br \/>\nEinige Cookies sind wichtig f\u00fcr die Verwendung von bergischerbiker.de. Diese Cookies erm\u00f6glichen die Nutzung von Diensten, die Du explizit angefragt hast.<\/p>\n<p>2. Performance Cookies<br \/>\nDiese Cookies speichern anonyme Daten \u00fcber die Seitenaufrufe. So halten diese Cookies zum Beispiel fest, welche Seiten Du h\u00e4ufig aufrufst, welche Methode zum Verlinken der einzelnen Seiten verwendet wird und dieses effektiver zu gestalten und warum Seiten Fehler enthalten.<\/p>\n<p>3. Funktions-Cookies<br \/>\nDiese Cookies behalten unterschiedliche, von Dir getroffene Einstellungen, um Deinen Besuch angenehmer zu gestalten.<\/p>\n<p>bergischerbiker.de kann dar\u00fcber hinaus Cookies von Drittanbietern speichern, die ebenfalls in einer der zuvor genannten Kategorien fallen k\u00f6nnen. So zum Beispiel Seiten wie Google Analytics, um beim Monitoring des aufkommenden Traffics zu unterst\u00fctzen.<\/p>\n<p>KANN EIN NUTZER COOKIES BLOCKIEREN ?<br \/>\nUm herauszufinden, wie du Cookies erlauben oder ablehnen kannst, rufe die Hilfe Deines Browsers oder Deines mobilen Ger\u00e4tes auf oder besuche eine der nachfolgenden Seiten, die detaillierte Informationen \u00fcber die Verwaltung, Kontrolle und Ablehnung sowie L\u00f6schung von Cookies beinhalten.<\/p>\n<p><a href=\"http:\/\/www.aboutcookies.org\" target=\"_blank\" rel=\"noopener\">www.aboutcookies.org<\/a><br \/>\n<a href=\"http:\/\/www.allaboutcookies.org\" target=\"_blank\" rel=\"noopener\">www.allaboutcookies.org<\/a><\/p>\n<p>Bitte beachte, dass einzelne Bereiche auf bergischerbiker.de nicht korrekt funktionieren bzw. funktionieren k\u00f6nnen, wenn Du unsere Cookies ablehnst und blockierst.<\/p>\n<p>COOKIES VON BERGISCHERBIKER.DE \u00dcBER SOCIAL NETWORK SEITEN<br \/>\nbergischerbiker.de kann Links zu sozialen Netzwerken enthalten. (Z. B. Facebook, Twitter, YouTube, Google+). Diese Webseiten speichern ebenfalls Cookies auf Deinem Ger\u00e4t und bergischerbiker.de kann dabei nicht kontrollieren, wie diese Cookies eingesetzt werden. Hierzu raten wir von bergischerbiker.de Dich auf den betreffenden Seiten \u00fcber die dort gef\u00fchrte Cookie-Richtlinie zu informieren.<\/p>\n","protected":false},"excerpt":{"rendered":"<p>Cookie Richtlinie WIE VERWENDEN WIR COOKIES AUF DIESER SEITE ? Wir verwenden auf bergischerbiker.de Dateien, auch bekannt als Cookies, um die Performance zu steigern und Deine Handhabung mit unseren Diensten <a class=\"more-link\" href=\"https:\/\/bergischerbiker.de\/wordpress\/impressum\/cookie-richtlinie\/\">Weiterlesen\u00a0\u2026<\/a><\/p>\n","protected":false},"author":1,"featured_media":0,"parent":7,"menu_order":0,"comment_status":"closed","ping_status":"closed","template":"","meta":{"ngg_post_thumbnail":0,"footnotes":""},"class_list":["post-11","page","type-page","status-publish","hentry"],"_links":{"self":[{"href":"https:\/\/bergischerbiker.de\/wordpress\/wp-json\/wp\/v2\/pages\/11","targetHints":{"allow":["GET"]}}],"collection":[{"href":"https:\/\/bergischerbiker.de\/wordpress\/wp-json\/wp\/v2\/pages"}],"about":[{"href":"https:\/\/bergischerbiker.de\/wordpress\/wp-json\/wp\/v2\/types\/page"}],"author":[{"embeddable":true,"href":"https:\/\/bergischerbiker.de\/wordpress\/wp-json\/wp\/v2\/users\/1"}],"replies":[{"embeddable":true,"href":"https:\/\/bergischerbiker.de\/wordpress\/wp-json\/wp\/v2\/comments?post=11"}],"version-history":[{"count":1,"href":"https:\/\/bergischerbiker.de\/wordpress\/wp-json\/wp\/v2\/pages\/11\/revisions"}],"predecessor-version":[{"id":12,"href":"https:\/\/bergischerbiker.de\/wordpress\/wp-json\/wp\/v2\/pages\/11\/revisions\/12"}],"up":[{"embeddable":true,"href":"https:\/\/bergischerbiker.de\/wordpress\/wp-json\/wp\/v2\/pages\/7"}],"wp:attachment":[{"href":"https:\/\/bergischerbiker.de\/wordpress\/wp-json\/wp\/v2\/media?parent=11"}],"curies":[{"name":"wp","href":"https:\/\/api.w.org\/{rel}","templated":true}]}}